{"id":4523,"date":"2025-12-14T18:52:09","date_gmt":"2025-12-14T18:52:09","guid":{"rendered":"https:\/\/restaurantealhacena.es\/?page_id=4523"},"modified":"2025-12-16T20:56:39","modified_gmt":"2025-12-16T20:56:39","slug":"politica-de-cookies","status":"publish","type":"page","link":"https:\/\/restaurantealhacena.es\/en\/politica-de-cookies\/","title":{"rendered":"Cookie Policy"},"content":{"rendered":"\t\t<div data-elementor-type=\"wp-page\" data-elementor-id=\"4523\" class=\"elementor elementor-4523\" data-elementor-post-type=\"page\">\n\t\t\t\t<div class=\"elementor-element elementor-element-10ac350 e-flex e-con-boxed e-con e-parent\" data-id=\"10ac350\" data-element_type=\"container\" data-e-type=\"container\">\n\t\t\t\t\t<div class=\"e-con-inner\">\n\t\t\t\t<div class=\"elementor-element elementor-element-59b694d elementor-widget elementor-widget-spacer\" data-id=\"59b694d\" data-element_type=\"widget\" data-e-type=\"widget\" data-widget_type=\"spacer.default\">\n\t\t\t\t<div class=\"elementor-widget-container\">\n\t\t\t\t\t\t\t<div class=\"elementor-spacer\">\n\t\t\t<div class=\"elementor-spacer-inner\"><\/div>\n\t\t<\/div>\n\t\t\t\t\t\t<\/div>\n\t\t\t\t<\/div>\n\t\t\t\t<div class=\"elementor-element elementor-element-9e95bb8 elementor-widget elementor-widget-text-editor\" data-id=\"9e95bb8\" data-element_type=\"widget\" data-e-type=\"widget\" data-widget_type=\"text-editor.default\">\n\t\t\t\t<div class=\"elementor-widget-container\">\n\t\t\t\t\t\t\t\t\t<h1>POL\u00cdTICA DE COOKIES<\/h1><h2><u>PROTOCOLO PARA LA OBTENCI\u00d3N DEL CONSENTIMIENTO EXPRESO<\/u><\/h2><h3>Es decir, que el usuario acepta la instalaci\u00f3n de las cookies a trav\u00e9s de la pulsaci\u00f3n de un bot\u00f3n tipo \u201cAcepto\u201d, \u201cConsiento\u201d o similares.<\/h3><h3>Importante: solo se deben instalar las cookies en el equipo del usuario una vez se ha pulsado el bot\u00f3n de aceptaci\u00f3n, y nunca antes de ese momento.<\/h3><table><tbody><tr><td width=\"971\"><table width=\"100%\"><tbody><tr><td><h3>Utilizamos cookies propias y de terceros para realizar el an\u00e1lisis de la navegaci\u00f3n de los usuarios y mejorar nuestros servicios. Al pulsar Acepto consiente dichas cookies. Puede obtener m\u00e1s informaci\u00f3n pulsando M\u00e1s informaci\u00f3n [M\u00e1s informaci\u00f3n] o bien conocer c\u00f3mo cambiar la configuraci\u00f3n pulsando en configuraci\u00f3n de cookies [Configuraci\u00f3n de cookies]. [Acepto].<\/h3><\/td><\/tr><\/tbody><\/table><h3>\u00a0<\/h3><\/td><\/tr><\/tbody><\/table><p><em><u>Aviso en la primera capa de informaci\u00f3n:<\/u><\/em><\/p><h3><em><u>\u00a0<\/u><\/em><\/h3><h3><em><u>\u00a0<\/u><\/em><\/h3><h3><em><u>\u00a0<\/u><\/em><\/h3><h3><em><u>Nota:<\/u><\/em><em> si s\u00f3lo se utilizan cookies propias o de terceros, indicar la que corresponda en cada en caso. La informaci\u00f3n debe mantenerse hasta que el usuario realice la acci\u00f3n requerida para la obtenci\u00f3n del consentimiento.<\/em><\/h3><h3>Panel de configuraci\u00f3n de cookies:<\/h3><h3><em>Acepto todas las cookies\u00a0\u00a0\u00a0\u00a0\u00a0\u00a0\u00a0\u00a0\u00a0\u00a0\u00a0\u00a0\u00a0\u00a0\u00a0\u00a0\u00a0\u00a0\u00a0\u00a0\u00a0\u00a0\u00a0\u00a0\u00a0\u00a0\u00a0\u00a0\u00a0\u00a0\u00a0\u00a0\u00a0\u00a0\u00a0\u00a0\u00a0\u00a0\u00a0\u00a0\u00a0\u00a0\u00a0\u00a0\u00a0\u00a0\u00a0\u00a0\u00a0\u00a0\u00a0\u00a0\u00a0\u00a0\u00a0 ON\/OFF\u00a0\u00a0\u00a0\u00a0\u00a0\u00a0\u00a0 <\/em><\/h3><h3><em>Rechazo todas las cookies\u00a0\u00a0\u00a0\u00a0\u00a0\u00a0\u00a0\u00a0\u00a0\u00a0\u00a0\u00a0\u00a0\u00a0\u00a0\u00a0\u00a0\u00a0\u00a0\u00a0\u00a0\u00a0\u00a0\u00a0\u00a0\u00a0\u00a0\u00a0\u00a0\u00a0\u00a0\u00a0\u00a0\u00a0\u00a0\u00a0\u00a0\u00a0\u00a0\u00a0\u00a0\u00a0\u00a0\u00a0\u00a0\u00a0\u00a0\u00a0\u00a0\u00a0\u00a0\u00a0 ON\/OFF\u00a0\u00a0\u00a0\u00a0\u00a0\u00a0\u00a0 <\/em><\/h3><h3><em>Acepto \u201ccookie 1\u201d (<u>informaci\u00f3n cookie<\/u>)\u00a0\u00a0\u00a0\u00a0\u00a0\u00a0\u00a0\u00a0\u00a0\u00a0\u00a0\u00a0\u00a0\u00a0\u00a0\u00a0\u00a0\u00a0\u00a0\u00a0\u00a0\u00a0\u00a0\u00a0\u00a0\u00a0\u00a0\u00a0\u00a0 ON\/OFF\u00a0\u00a0\u00a0\u00a0\u00a0\u00a0\u00a0 <\/em><\/h3><h3><em>Acepto \u201ccookie 2\u201d (<u>informaci\u00f3n cookie<\/u>)\u00a0\u00a0\u00a0\u00a0\u00a0\u00a0\u00a0\u00a0\u00a0\u00a0\u00a0\u00a0\u00a0\u00a0\u00a0\u00a0\u00a0\u00a0\u00a0\u00a0\u00a0\u00a0\u00a0\u00a0\u00a0\u00a0\u00a0\u00a0\u00a0 ON\/OFF\u00a0\u00a0\u00a0\u00a0\u00a0\u00a0\u00a0 <\/em><\/h3><h3><em>\u2026\u2026\u2026\u2026..<\/em><\/h3><h3><em>[Guardar configuraci\u00f3n]<\/em><\/h3><h3>Al pulsar \u201cGuardar configuraci\u00f3n\u201d, se guardar\u00e1 la selecci\u00f3n de cookies que hayas realizado. Si no has seleccionado ninguna opci\u00f3n, pulsar este bot\u00f3n equivaldr\u00e1 a rechazar todas las cookies.<\/h3><h3><em><u>Segunda capa de informaci\u00f3n:<\/u><\/em><\/h3><h3><em>(A esta capa de informaci\u00f3n se accede al pulsar el bot\u00f3n \u201cM\u00e1s informaci\u00f3n\u201d del aviso anterior)<\/em><\/h3><h3><em>Pol\u00edtica de cookies.<\/em><\/h3><h3>En ENRIPER HOSTELER\u00cdA, S.L. \u201cRESTAURANTE ALHACENA\u201d utilizamos las cookies u otros archivos de funcionalidad similar (en adelante, \u201ccookies\u201d) que almacenan y recuperan informaci\u00f3n cuando navegas. En general, estas tecnolog\u00edas pueden servir para finalidades muy diversas, como, por ejemplo, reconocerte como usuario, obtener informaci\u00f3n sobre tus h\u00e1bitos de navegaci\u00f3n, o personalizar la forma en que se muestra el contenido.<\/h3><h3>El objetivo de esta pol\u00edtica es informarle de manera clara y detallada de qu\u00e9 es una cookie, cu\u00e1l es su finalidad, qu\u00e9 tipo de cookies utilizamos y c\u00f3mo configurarlas o en su caso deshabilitarlas.<\/h3><h2><em>\u00bfQu\u00e9 son las cookies?<\/em><\/h2><h3>Una cookie es un peque\u00f1o archivo de texto que se almacena en su navegador cuando visita nuestra p\u00e1gina web y que guarda informaci\u00f3n sobre la navegaci\u00f3n que realiza para hacer m\u00e1s eficiente la experiencia de usuario. Algunas cookies resultan esenciales para el buen funcionamiento de las p\u00e1ginas web, como es el caso de las cookies t\u00e9cnicas o de personalizaci\u00f3n de la interfaz de usuario, aunque otras, como las cookies de an\u00e1lisis o las de publicidad comportamental, requieren que le informemos y recabar el consentimiento sobre su uso.<\/h3><h3>A continuaci\u00f3n, y con el objetivo de que pueda prestar un consentimiento plenamente informado, le detallamos la informaci\u00f3n de en qu\u00e9 consiste y cu\u00e1l es la finalidad de cada tipo de cookie:<\/h3><h3>Las cookies t\u00e9cnicas: son aquellas que, permiten al usuario la navegaci\u00f3n a trav\u00e9s de una p\u00e1gina web, plataforma o aplicaci\u00f3n y la utilizaci\u00f3n de las diferentes opciones o servicios que en ella existan, incluyendo la gesti\u00f3n y operativa de la p\u00e1gina web y habilitar sus funciones y servicios, como, por ejemplo, identificar la sesi\u00f3n, acceder a partes de acceso restringido, recordar los elementos que integran un pedido, realizar el proceso de compra de un pedido, gestionar el pago, \u2026 La p\u00e1gina web no puede funcionar adecuadamente sin estas cookies por lo que se consideran necesarias.<\/h3><h3>Las cookies de preferencias o personalizaci\u00f3n: permiten a la p\u00e1gina web recordar informaci\u00f3n que cambia la forma en que la p\u00e1gina se comporta o el aspecto que tiene de modo que el usuario acceda al servicio con determinadas caracter\u00edsticas que pueden diferenciar su experiencia de la de otros usuarios, como, por ejemplo, el idioma, el n\u00famero de resultados a mostrar cuando el usuario realiza una b\u00fasqueda o la regi\u00f3n en la que el usuario se encuentra. Si es el propio usuario quien elige esas caracter\u00edsticas, por ejemplo, marcando la bandera del idioma, se considera un servicio expresamente solicitado siempre y cuando las cookies obedezcan exclusivamente a la finalidad seleccionada de personalizaci\u00f3n.<\/h3><h3>Las cookies de an\u00e1lisis o medici\u00f3n: son aquellas que, tratadas por nosotros o por terceros, nos permiten cuantificar el n\u00famero de usuarios y as\u00ed realizar la medici\u00f3n y an\u00e1lisis estad\u00edstico de la utilizaci\u00f3n que hacen los usuarios del servicio ofertado. Para ello se analiza su navegaci\u00f3n en nuestra p\u00e1gina web con el fin de mejorar la oferta de productos o servicios que le ofrecemos.<\/h3><h3>Las cookies de marketing o publicidad comportamental: almacenan informaci\u00f3n del comportamiento de los usuarios obtenida a trav\u00e9s de la observaci\u00f3n continuada de sus h\u00e1bitos de navegaci\u00f3n, lo que permite desarrollar un perfil espec\u00edfico para mostrar anuncios relevantes y atractivos para el usuario individual y, por lo tanto, m\u00e1s valiosos para los terceros anunciantes.<\/h3><h2><em>\u00bfPara qu\u00e9 utiliza las cookies esta p\u00e1gina web y cu\u00e1les son?<\/em><\/h2><h3>El detalle de las cookies utilizadas en esta p\u00e1gina web es el siguiente:<\/h3><h3>Ejemplo:<\/h3><table><tbody><tr><td width=\"83\"><h3>Cookie<\/h3><\/td><td width=\"85\"><h3>Tipo<\/h3><\/td><td width=\"321\"><h3>Prop\u00f3sito<\/h3><\/td><td width=\"161\"><h3>M\u00e1s informaci\u00f3n<\/h3><\/td><\/tr><tr><td width=\"83\"><h3>Google Analytics<\/h3><\/td><td width=\"85\"><h3>De terceros<\/h3><\/td><td width=\"321\"><h3>Recoger informaci\u00f3n sobre la navegaci\u00f3n de los usuarios por el sitio con el fin de conocer el origen de las visitas y otros datos similares a nivel estad\u00edstico. No obtiene datos de los nombres o apellidos de los usuarios ni de la direcci\u00f3n postal concreta desde donde se conectan.<\/h3><\/td><td width=\"161\"><h3>Google Analytics Centro de Privacidad de Google<\/h3><\/td><\/tr><tr><td width=\"83\"><h3>Otras<\/h3><\/td><td width=\"85\"><h3>&#8211;<\/h3><\/td><td width=\"321\"><h3>Definir<\/h3><\/td><td width=\"161\"><h3>&#8211;<\/h3><\/td><\/tr><\/tbody><\/table><h3><em>Nota: <\/em><em>las cookies de tipo \u201cPropias\u201d son utilizadas s\u00f3lo por el propietario de esta web y las cookies \u201cde Terceros\u201d son utilizadas, tambi\u00e9n, por el prestador del servicio que est\u00e1 detallado en el cuadro anterior.<\/em><\/h3><h3>Para las cookies de an\u00e1lisis y de publicidad necesitamos su consentimiento que podremos obtener si pulsa en el bot\u00f3n \u201cAcepto\u201d en el mensaje de informaci\u00f3n que se muestra al acceder a nuestra p\u00e1gina web.<\/h3><h3>Si desactiva las cookies, podr\u00e1 seguir accediendo a la web pero puede que la navegaci\u00f3n por esta no sea \u00f3ptima y alguno de los servicios ofrecidos no funcionen correctamente.<\/h3><h3>Si en un futuro ENRIPER HOSTELER\u00cdA, S.L. llegara a utilizar tipos de cookies diferentes a las contempladas en esta Pol\u00edtica de Cookies para prestar nuevos servicios o fuera necesario adaptarla a nuevas exigencias legislativas, se lo notificaremos.<\/h3><h2><em>\u00bfC\u00f3mo puedo desactivar o eliminar las cookies?<\/em><\/h2><h3>Tenga en cuenta que, si acepta las cookies de terceros, deber\u00e1 eliminarlas desde las opciones del navegador o desde el sistema ofrecido por el propio tercero. Puede usted permitir, bloquear o eliminar las cookies instaladas en su equipo mediante la configuraci\u00f3n de las opciones del navegador instalado en su ordenador.<\/h3><ul><li><h3><a href=\"https:\/\/support.microsoft.com\/es-es\/help\/17442\/windows-internet-explorer-delete-manage-cookies\">Microsoft Internet Explorer<\/a>: men\u00fa Herramientas &gt; Opciones de Internet &gt; Privacidad &gt; Configuraci\u00f3n.<\/h3><\/li><li><h3><a href=\"https:\/\/support.mozilla.org\/es\/kb\/habilitar-y-deshabilitar-cookies-sitios-web-rastrear-preferencias?redirectlocale=es&amp;redirectslug=habilitar-y-deshabilitar-cookies-que-los-sitios-we\">Firefox<\/a>: men\u00fa Herramientas &gt; Opciones &gt; Privacidad &gt; Cookies.<\/h3><\/li><li><h3><a href=\"https:\/\/support.google.com\/accounts\/answer\/61416?hl=es\">Chrome<\/a>: men\u00fa Opciones &gt; Opciones avanzadas &gt; Privacidad.<\/h3><\/li><li><h3><a href=\"https:\/\/support.apple.com\/es-es\/guide\/safari\/sfri11471\/mac\">Safari:<\/a> men\u00fa Preferencias\/Privacidad.<\/h3><\/li><li><h3><a href=\"https:\/\/support.apple.com\/es-es\/HT201265\">Safari para IOS<\/a> (iPhone y iPad): Opci\u00f3n Ajustes &gt; Safari<\/h3><\/li><li><h3><a href=\"https:\/\/support.google.com\/chrome\/answer\/95647?co=GENIE.Platform%3DAndroid&amp;hl=es-419\">Chrome para Android<\/a>: Configuraci\u00f3n &gt; Configuraci\u00f3n de sitios web &gt; Cookies<\/h3><\/li><li><h3>Otros navegadores: consulte la documentaci\u00f3n del navegador que tenga instalado.<\/h3><\/li><\/ul><h2><em>Transferencias de datos a terceros pa\u00edses<\/em><\/h2><h3>Puedes informarte de las transferencias a terceros pa\u00edses que, en su caso, realizan los terceros identificados en esta pol\u00edtica de cookies en sus correspondientes pol\u00edticas (ver los enlaces facilitados en el apartado \u201cCookies de terceros\u201d).<\/h3><h2><em>Elaboraci\u00f3n de perfiles<\/em><\/h2><h3>No se elaborar\u00e1 ning\u00fan tipo de \u201cperfil\u201d en base a la informaci\u00f3n facilitada ni se tomar\u00e1n decisiones automatizadas en base a perfiles. (Si se elaborar\u00e1 informaci\u00f3n en base a perfiles habr\u00eda que indicar detalladamente su uso).<\/h3><h2><em>Periodo de conservaci\u00f3n de los datos<\/em><\/h2><h3>Los datos obtenidos a trav\u00e9s de las cookies se conservar\u00e1n por un periodo m\u00e1ximo de 24 meses, tras dicho periodo volveremos a recabar su consentimiento.<\/h3><h2><em>Derechos de los interesados<\/em><\/h2><h3>Usted podr\u00e1 obtener m\u00e1s informaci\u00f3n sobre el tratamiento de datos de car\u00e1cter personal y de c\u00f3mo ejercer sus derechos consultado nuestra <em><u>pol\u00edtica de privacidad<\/u><\/em>.<\/h3><h3><em>AVISO<\/em><em>: El responsable deber\u00e1 cumplimentar la tabla arriba incluida indicando, para todas y cada una de las cookies que utiliza en su web, los datos relativos a cada uno de los campos consignados.<\/em><\/h3><h3><em>AVISO<\/em><em>: El grado de granularidad en el panel a la hora de mostrar la selecci\u00f3n de cookies deber\u00e1 valorarlo el editor del sitio web. Si bien es aconsejable que se tengan en cuenta las siguientes reglas:<\/em><\/h3><ul><li><h3><em>Como m\u00ednimo, deber\u00edan agruparse las cookies por su finalidad<\/em><\/h3><\/li><li><h3><em>En relaci\u00f3n con las cookies de terceros es suficiente con identificarlos por su nombre o por la marca con la que se identifican de cara al p\u00fablico, sin incluir la denominaci\u00f3n social completa.<\/em><\/h3><\/li><li><h3><em>Debe evitarse el grado m\u00e1ximo de granularidad (selecci\u00f3n cookie a cookie), ya que el exceso de informaci\u00f3n dificulta la toma de decisiones.<\/em><\/h3><\/li><\/ul><h3><em>AVISO<\/em><em>: Se recomienda como mejor pr\u00e1ctica la renovaci\u00f3n del consentimiento a intervalos apropiados. La Agencia considera buena pr\u00e1ctica que la validez del consentimiento prestado por un usuario para el uso de una determinada cookie no tenga una duraci\u00f3n superior a 24 meses y que durante este tiempo se conserve la selecci\u00f3n realizada por el usuario sobre sus preferencias.<\/em><\/h3>\t\t\t\t\t\t\t\t<\/div>\n\t\t\t\t<\/div>\n\t\t\t\t\t<\/div>\n\t\t\t\t<\/div>\n\t\t\t\t<\/div>\n\t\t","protected":false},"excerpt":{"rendered":"<p>POL\u00cdTICA DE COOKIES PROTOCOLO PARA LA OBTENCI\u00d3N DEL CONSENTIMIENTO EXPRESO Es decir, que el usuario acepta la instalaci\u00f3n de las cookies a trav\u00e9s de la pulsaci\u00f3n de un bot\u00f3n tipo \u201cAcepto\u201d, \u201cConsiento\u201d o similares. Importante: solo se deben instalar las cookies en el equipo del usuario una vez se ha pulsado el bot\u00f3n de aceptaci\u00f3n, [&hellip;]<\/p>\n","protected":false},"author":1,"featured_media":0,"parent":0,"menu_order":0,"comment_status":"closed","ping_status":"closed","template":"","meta":{"site-sidebar-layout":"no-sidebar","site-content-layout":"page-builder","ast-site-content-layout":"full-width-container","site-content-style":"default","site-sidebar-style":"default","ast-global-header-display":"","ast-banner-title-visibility":"","ast-main-header-display":"","ast-hfb-above-header-display":"","ast-hfb-below-header-display":"","ast-hfb-mobile-header-display":"","site-post-title":"","ast-breadcrumbs-content":"","ast-featured-img":"disabled","footer-sml-layout":"","ast-disable-related-posts":"","theme-transparent-header-meta":"","adv-header-id-meta":"","stick-header-meta":"","header-above-stick-meta":"","header-main-stick-meta":"","header-below-stick-meta":"","astra-migrate-meta-layouts":"set","ast-page-background-enabled":"default","ast-page-background-meta":{"desktop":{"background-color":"var(--ast-global-color-4)","background-image":"","background-repeat":"repeat","background-position":"center center","background-size":"auto","background-attachment":"scroll","background-type":"","background-media":"","overlay-type":"","overlay-color":"","overlay-opacity":"","overlay-gradient":""},"tablet":{"background-color":"","background-image":"","background-repeat":"repeat","background-position":"center center","background-size":"auto","background-attachment":"scroll","background-type":"","background-media":"","overlay-type":"","overlay-color":"","overlay-opacity":"","overlay-gradient":""},"mobile":{"background-color":"","background-image":"","background-repeat":"repeat","background-position":"center center","background-size":"auto","background-attachment":"scroll","background-type":"","background-media":"","overlay-type":"","overlay-color":"","overlay-opacity":"","overlay-gradient":""}},"ast-content-background-meta":{"desktop":{"background-color":"var(--ast-global-color-5)","background-image":"","background-repeat":"repeat","background-position":"center center","background-size":"auto","background-attachment":"scroll","background-type":"","background-media":"","overlay-type":"","overlay-color":"","overlay-opacity":"","overlay-gradient":""},"tablet":{"background-color":"var(--ast-global-color-5)","background-image":"","background-repeat":"repeat","background-position":"center center","background-size":"auto","background-attachment":"scroll","background-type":"","background-media":"","overlay-type":"","overlay-color":"","overlay-opacity":"","overlay-gradient":""},"mobile":{"background-color":"var(--ast-global-color-5)","background-image":"","background-repeat":"repeat","background-position":"center center","background-size":"auto","background-attachment":"scroll","background-type":"","background-media":"","overlay-type":"","overlay-color":"","overlay-opacity":"","overlay-gradient":""}},"footnotes":""},"class_list":["post-4523","page","type-page","status-publish","hentry"],"_links":{"self":[{"href":"https:\/\/restaurantealhacena.es\/en\/wp-json\/wp\/v2\/pages\/4523","targetHints":{"allow":["GET"]}}],"collection":[{"href":"https:\/\/restaurantealhacena.es\/en\/wp-json\/wp\/v2\/pages"}],"about":[{"href":"https:\/\/restaurantealhacena.es\/en\/wp-json\/wp\/v2\/types\/page"}],"author":[{"embeddable":true,"href":"https:\/\/restaurantealhacena.es\/en\/wp-json\/wp\/v2\/users\/1"}],"replies":[{"embeddable":true,"href":"https:\/\/restaurantealhacena.es\/en\/wp-json\/wp\/v2\/comments?post=4523"}],"version-history":[{"count":7,"href":"https:\/\/restaurantealhacena.es\/en\/wp-json\/wp\/v2\/pages\/4523\/revisions"}],"predecessor-version":[{"id":4646,"href":"https:\/\/restaurantealhacena.es\/en\/wp-json\/wp\/v2\/pages\/4523\/revisions\/4646"}],"wp:attachment":[{"href":"https:\/\/restaurantealhacena.es\/en\/wp-json\/wp\/v2\/media?parent=4523"}],"curies":[{"name":"wp","href":"https:\/\/api.w.org\/{rel}","templated":true}]}}