{"id":4521,"date":"2025-12-14T18:51:42","date_gmt":"2025-12-14T18:51:42","guid":{"rendered":"https:\/\/restaurantealhacena.es\/?page_id=4521"},"modified":"2025-12-16T20:58:03","modified_gmt":"2025-12-16T20:58:03","slug":"politica-de-privacidad","status":"publish","type":"page","link":"https:\/\/restaurantealhacena.es\/en\/politica-de-privacidad\/","title":{"rendered":"\u00a0Pol\u00edtica de Privacidad"},"content":{"rendered":"<div data-elementor-type=\"wp-page\" data-elementor-id=\"4521\" class=\"elementor elementor-4521\" data-elementor-post-type=\"page\">\n\t\t\t\t<div class=\"elementor-element elementor-element-679b831 e-flex e-con-boxed e-con e-parent\" data-id=\"679b831\" data-element_type=\"container\" data-e-type=\"container\">\n\t\t\t\t\t<div class=\"e-con-inner\">\n\t\t\t\t<div class=\"elementor-element elementor-element-e0ef5e4 elementor-widget elementor-widget-spacer\" data-id=\"e0ef5e4\" data-element_type=\"widget\" data-e-type=\"widget\" data-widget_type=\"spacer.default\">\n\t\t\t\t<div class=\"elementor-widget-container\">\n\t\t\t\t\t\t\t<div class=\"elementor-spacer\">\n\t\t\t<div class=\"elementor-spacer-inner\"><\/div>\n\t\t<\/div>\n\t\t\t\t\t\t<\/div>\n\t\t\t\t<\/div>\n\t\t\t\t<div class=\"elementor-element elementor-element-11ddf7d elementor-widget elementor-widget-text-editor\" data-id=\"11ddf7d\" data-element_type=\"widget\" data-e-type=\"widget\" data-widget_type=\"text-editor.default\">\n\t\t\t\t<div class=\"elementor-widget-container\">\n\t\t\t\t\t\t\t\t\t<h1>POL\u00cdTICA DE PRIVACIDAD<\/h1><ul><li><h2>Derecho de informaci\u00f3n<\/h2><\/li><\/ul><h3>A los efectos de lo dispuesto en el Reglamento (UE) 2016\/679 de 27 de abril de 2016 (GDPR), relativo a la protecci\u00f3n de las personas f\u00edsicas en lo que respecta al tratamiento de datos personales y a la libre circulaci\u00f3n de estos datos y a la Ley Org\u00e1nica 3\/2018 de 5 de diciembre, de protecci\u00f3n de datos de car\u00e1cter personal y garant\u00eda de los derechos digitales (LOPDGDD), se informa al usuario de la existencia de un tratamiento automatizado de datos de car\u00e1cter personal creado por ENRIPER HOSTELER\u00cdA, S.L. y bajo su responsabilidad con los datos personales que nos pudiera facilitar durante la navegaci\u00f3n por nuestro Sitio Web ya bien sea en el momento de su registro o cuando remita un mensaje de correo electr\u00f3nico.<\/h3><ul><li><h2>Responsable de tratamiento:<\/h2><\/li><li><h3>Denominaci\u00f3n social: ENRIPER HOSTELER\u00cdA, S.L.<\/h3><\/li><li><h3>Nombre comercial: RESTAURANTE LA ALHACENA<\/h3><\/li><li><h3>CIF: B16452955<\/h3><\/li><li><h3>Domicilio social: VIRGEN DEL PUIG, 36 BAJO, 46540 &#8211; EL PUIG (VALENCIA)<\/h3><\/li><li><h3>Tel\u00e9fono: 961471340<\/h3><\/li><li><h3>Correo electr\u00f3nico a efectos de comunicaci\u00f3n: <u>restaalhacena23@gmail.com<\/u><\/h3><\/li><li><h2>Finalidad del tratamiento:<\/h2><\/li><\/ul><h3>Le indicamos que la finalidad del tratamiento de sus datos es la descrita en cada uno de los formularios establecidos en la p\u00e1gina web en los que usted nos facilita sus datos.<\/h3><ul><li><h2>Legitimaci\u00f3n:<\/h2><\/li><\/ul><h3>Art\u00edculo 6.1.a) del RGPD. El interesado dio su consentimiento para el tratamiento de sus datos personales para uno o varios fines espec\u00edficos.<\/h3><ul><li><h2>Conservaci\u00f3n y tratamiento de los datos:<\/h2><\/li><\/ul><h3>Sus datos ser\u00e1n conservados durante el tiempo necesario para atender su solicitud, siempre y cuando no nos indique lo contrario ejerciendo su derecho de supresi\u00f3n, o durante el tiempo necesario para cumplir con las obligaciones legales y atender las posibles responsabilidades que pudieran derivar del cumplimiento de la finalidad para la que los datos fueron recabados. En caso de ser necesario, ENRIPER HOSTELER\u00cdA, S.L. cancelar\u00e1 o rectificar\u00e1 los datos cuando resulten inexactos, incompletos o hayan dejado de ser necesarios para su finalidad, de conformidad con lo previsto en la legislaci\u00f3n vigente en materia de Protecci\u00f3n de Datos de Car\u00e1cter Personal.<\/h3><h3>Mientras no nos comunique lo contrario, entenderemos que sus datos no han sido modificados, que usted se compromete a notificarnos cualquier variaci\u00f3n y que tenemos el consentimiento para utilizarlos a fin de poder fidelizar la relaci\u00f3n entre las partes.<\/h3><h3>Los datos facilitados no ser\u00e1n cedidos a terceros salvo en los casos en que exista una obligaci\u00f3n legal.<\/h3><h3>ENRIPER HOSTELER\u00cdA, S.L. no elaborar\u00e1 ning\u00fan tipo de \u201cperfil\u201d, en base a la informaci\u00f3n facilitada. No se tomar\u00e1n decisiones automatizadas en base a perfiles.<\/h3><h3>De acuerdo con lo que establece la Ley 34\/2002, de Servicios de la Sociedad de la Informaci\u00f3n y el Comercio Electr\u00f3nico en su art\u00edculo 21, solicitaremos su consentimiento para poder realizar comunicaciones publicitarias que consideremos puedan ser de su inter\u00e9s, por correo electr\u00f3nico o por cualquier otro medio de comunicaci\u00f3n electr\u00f3nica equivalente.<\/h3><h3>Usted tiene derecho a oponerse y\/o retirar el consentimiento al tratamiento de los datos indicados anteriormente, en su caso, y en cualquier momento, sin que ello afecte a la licitud del tratamiento basado en el consentimiento previo a su retirada, mediante notificaci\u00f3n al responsable del tratamiento en la\/s direcci\u00f3n\/es indicada\/s.<\/h3><ul><li>Medidas t\u00e9cnicas y organizativas<\/li><\/ul><h3>ENRIPER HOSTELER\u00cdA, S.L. adopta las medidas t\u00e9cnicas, controles y procedimientos de car\u00e1cter f\u00edsico, organizativo y tecnol\u00f3gico, razonablemente fiables y efectivos, orientados a preservar la integridad y la seguridad de sus datos y garantizar su privacidad. No obstante, no asume ninguna responsabilidad por los da\u00f1os y perjuicios derivados de alteraciones que terceros puedan causar en los sistemas inform\u00e1ticos, documentos electr\u00f3nicos o ficheros del usuario.<\/h3><h3>Adem\u00e1s, todo el personal con acceso a los datos personales ha sido formado y tiene conocimiento de sus obligaciones con relaci\u00f3n a los tratamientos de datos personales.<\/h3><h3>En el caso de los contratos que suscribimos con nuestros proveedores incluimos cl\u00e1usulas en las que se les exige mantener el deber de secreto respecto a los datos de car\u00e1cter personal a los que hayan tenido acceso en virtud del encargo realizado, as\u00ed como implantar las medidas de seguridad t\u00e9cnicas y organizativas necesarias para garantizar la confidencialidad, integridad, disponibilidad y resiliencia permanentes de los sistemas y servicios de tratamiento de los datos personales.<\/h3><h3>Todas estas medidas de seguridad son revisadas de forma peri\u00f3dica para garantizar su adecuaci\u00f3n y efectividad.<\/h3><h3>Sin embargo, la seguridad absoluta no se puede garantizar y no existe ning\u00fan sistema de seguridad que sea impenetrable por lo que, en el caso de cualquier informaci\u00f3n objeto de tratamiento y bajo nuestro control se viese comprometida como consecuencia de una brecha de seguridad, tomaremos las medidas adecuadas para investigar el incidente, notificarlo a la Autoridad de Control y, en su caso, a aquellos usuarios que se hubieran podido ver afectados para que tomen las medidas adecuadas.<\/h3><ul><li><h2>Derechos:<\/h2><\/li><\/ul><h3>El usuario podr\u00e1 ejercer los derechos de acceso, rectificaci\u00f3n, supresi\u00f3n, oposici\u00f3n, limitaci\u00f3n del tratamiento, portabilidad de datos y a no ser objeto de decisiones individualizadas automatizadas, en relaci\u00f3n con los datos objeto del tratamiento, ante el responsable del tratamiento en la direcci\u00f3n anteriormente mencionada o por correo electr\u00f3nico a <u>restaalhacena23@gmail.com,<\/u> adjuntando copia de su DNI o documento equivalente. En caso de que no haya obtenido satisfacci\u00f3n en el ejercicio de sus derechos, podr\u00e1 presentar una reclamaci\u00f3n ante la Autoridad de Control <em>en materia Protecci\u00f3n de Datos competente, <\/em>siendo \u00e9sta la <em>Agencia Espa\u00f1ola de Protecci\u00f3n de Datos, <\/em>y cuyos datos de contacto est\u00e1n accesibles en <a href=\"https:\/\/sedeagpd.gob.es\/sede-electronica-web\/vistas\/formNuevaReclamacion\/reclamacion.jsf\"><em>https:\/\/sedeagpd.gob.es\/sede-electronica-web\/vistas\/formNuevaReclamacion\/reclamacion.jsf<\/em><\/a><em>. <\/em><\/h3><h3>\u00a0<\/h3>\t\t\t\t\t\t\t\t<\/div>\n\t\t\t\t<\/div>\n\t\t\t\t<div class=\"elementor-element elementor-element-4b63c68 elementor-widget elementor-widget-text-editor\" data-id=\"4b63c68\" data-element_type=\"widget\" data-e-type=\"widget\" data-widget_type=\"text-editor.default\">\n\t\t\t\t<div class=\"elementor-widget-container\">\n\t\t\t\t\t\t\t\t\t<h1><u>POL\u00cdTICA PRIVACIDAD REDES SOCIALES<\/u><\/h1><h3>De conformidad con lo establecido en la normativa vigente y aplicable en Protecci\u00f3n de Datos de Car\u00e1cter Personal, Reglamento 2016\/679 General de Protecci\u00f3n de Datos (RGPD) y la Ley Org\u00e1nica 3\/2018 de 5 de diciembre, de protecci\u00f3n de datos de car\u00e1cter personal y garant\u00eda de los derechos digitales (LOPDGDD), y la Ley 34\/2002, de 11 de julio, de Servicios de la Sociedad de la Informaci\u00f3n y de Comercio Electr\u00f3nico (LSSI-CE), ENRIPER HOSTELER\u00cdA, S.L. informa a los usuarios, que ha procedido a crear un perfil en la Red Social Instagram, con la finalidad principal de publicitar sus productos y servicios.<\/h3><h2>Datos de la entidad:<\/h2><ul><li><h3>Denominaci\u00f3n social: ENRIPER HOSTELER\u00cdA, S.L.<\/h3><\/li><li><h3>Nombre comercial: RESTAURANTE LA ALHACENA<\/h3><\/li><li><h3>I.F.: B16452955<\/h3><\/li><li><h3>Domicilio social: VIRGEN DEL PUIG, 36 BAJO 46540 &#8211; EL PUIG (VALENCIA)<\/h3><\/li><li><h3>Tel\u00e9fono: 961471340<\/h3><\/li><li><h3>Correo electr\u00f3nico a efectos de comunicaci\u00f3n: <u>restaalhacena23@gmail.com<\/u><\/h3><\/li><li><h3>Dominio WEB: <u>restaurantealhacena.es<\/u><\/h3><\/li><\/ul><h3>El usuario dispone de un perfil en la misma Red Social y ha decidido unirse a la p\u00e1gina creada por ENRIPER HOSTELER\u00cdA, S.L. mostrando as\u00ed inter\u00e9s en la informaci\u00f3n que se publicite en la Red. Al unirse a nuestra p\u00e1gina, nos facilita su consentimiento para el tratamiento de aquellos datos personales publicados en su perfil.<\/h3><h3>El usuario puede acceder en todo momento a las pol\u00edticas de privacidad de la propia Red Social, as\u00ed como configurar su perfil para garantizar su privacidad.<\/h3><h3>ENRIPER HOSTELER\u00cdA, S.L. tiene acceso y trata aquella informaci\u00f3n p\u00fablica del usuario, en especial, su nombre de contacto. Estos datos, s\u00f3lo son utilizados dentro de la propia Red Social. No son incorporados a ning\u00fan sistema de tratamiento.<\/h3><h3>En relaci\u00f3n a los derechos de acceso, rectificaci\u00f3n, limitaci\u00f3n de tratamiento, supresi\u00f3n, portabilidad y oposici\u00f3n al tratamiento de sus datos de car\u00e1cter personal de los que usted dispone y que pueden ser ejercitados ante ENRIPER HOSTELER\u00cdA, S.L., de acuerdo con la RGPD, debe tener en cuenta los siguientes matices:\u00a0<\/h3><ul><li><h3><u>Derecho de Acceso:<\/u> Es el derecho del usuario a obtener informaci\u00f3n sobre sus datos concretos de car\u00e1cter personal y del tratamiento que se haya realizado o realice, as\u00ed como de la informaci\u00f3n disponible sobre el origen de dichos datos y las comunicaciones realizadas o previstas de los mismos.<\/h3><\/li><li><h3><u>Derecho de Rectificaci\u00f3n<\/u>: Es el derecho del afectado a que se modifiquen los datos que resulten ser inexactos o incompletos. S\u00f3lo podr\u00e1 satisfacerse en relaci\u00f3n a aquella informaci\u00f3n que se encuentre bajo el control ENRIPER HOSTELER\u00cdA, S.L. por ejemplo, eliminar comentarios publicados en la propia p\u00e1gina, im\u00e1genes o contenidos web donde consten datos de car\u00e1cter personal del usuario.<\/h3><\/li><li><h3><u>Derecho a la Limitaci\u00f3n de tratamiento<\/u>: Es el derecho a que se limiten los fines del tratamiento previstos de forma original por el responsable del tratamiento.<\/h3><\/li><li><h3><u>Derecho de Supresi\u00f3n<\/u>: Es el derecho a suprimir los datos de car\u00e1cter personal del usuario, a excepci\u00f3n de lo previsto en el propio RGPD o en otras normativas aplicables que determinen la obligatoriedad de la conservaci\u00f3n de los mismos, en tiempo y forma.<\/h3><\/li><li><h3><u>Derecho de portabilidad<\/u>: El derecho a recibir los datos personales que el usuario, haya facilitado, en un formato estructurado, de uso com\u00fan y lectura mec\u00e1nica, y a transmitirlos a otro responsable.<\/h3><\/li><li><h3><u>Derecho de Oposici\u00f3n<\/u>: Es el derecho del usuario a que no se lleve a cabo el tratamiento de sus datos de car\u00e1cter personal o se cese el tratamiento de los mismos por parte de ENRIPER HOSTELER\u00cdA, S.L.<\/h3><\/li><\/ul><h3>ENRIPER HOSTELER\u00cdA, S.L. realizar\u00e1 las siguientes actuaciones:<\/h3><ul><li><h3>Acceso a la informaci\u00f3n p\u00fablica del perfil.\u00a0<\/h3><\/li><li><h3>Publicaci\u00f3n en el perfil del usuario de toda aquella informaci\u00f3n ya publicada en la p\u00e1gina de ENRIPER HOSTELER\u00cdA, S.L.<\/h3><\/li><li><h3>Enviar mensajes personales e individuales a trav\u00e9s de los canales de la Red Social.<\/h3><\/li><li><h3>Actualizaciones del estado de la p\u00e1gina que se publicar\u00e1n en el perfil del usuario.<\/h3><\/li><\/ul><h3>El usuario siempre puede controlar sus conexiones, eliminar los contenidos que dejen de interesarle y restringir con qui\u00e9n comparte sus conexiones, para ello deber\u00e1 acceder a su configuraci\u00f3n de privacidad.\u00a0<\/h3><h2>Publicaciones\u00a0<\/h2><h3>El usuario, una vez unido a la p\u00e1gina de ENRIPER HOSTELER\u00cdA, S.L. podr\u00e1 publicar en \u00e9sta \u00faltima comentarios, enlaces, im\u00e1genes o fotograf\u00edas o cualquier otro tipo de contenido multimedia soportado por la Red Social. El usuario, en todos los casos, debe ser el titular de los mismos, gozar de los derechos de autor y de propiedad intelectual o contar con el consentimiento de los terceros afectados. Se proh\u00edbe expresamente cualquier publicaci\u00f3n en la p\u00e1gina, ya sean textos, gr\u00e1ficos, fotograf\u00edas, v\u00eddeos, etc. que atenten o sean susceptibles de atentar contra la moral, la \u00e9tica, el buen gusto o el decoro, y\/o que infrinjan, violen o quebranten los derechos de propiedad intelectual o industrial, el derecho a la imagen o la Ley. En estos casos, ENRIPER HOSTELER\u00cdA, S.L. se reserva el derecho a retirar de inmediato el contenido, pudiendo solicitar el bloqueo permanente del usuario.<\/h3><h3>ENRIPER HOSTELER\u00cdA, S.L. no se har\u00e1 responsable de los contenidos que libremente ha publicado un usuario.<\/h3><h3>El usuario debe tener presente que sus publicaciones ser\u00e1n conocidas por los otros usuarios, por lo que \u00e9l mismo es el principal responsable de su privacidad.<\/h3><h3>Las im\u00e1genes que puedan publicarse en la p\u00e1gina no ser\u00e1n almacenadas en ning\u00fan sistema de tratamiento por parte de ENRIPER HOSTELER\u00cdA, S.L., pero s\u00ed que permanecer\u00e1n en la Red Social.<\/h3><h2>Concursos y promociones<\/h2><h3>ENRIPER HOSTELER\u00cdA, S.L. se reserva el derecho a realizar concursos y promociones, en los que podr\u00e1 participar el usuario unido a su p\u00e1gina. Las bases de cada uno de ellos, cuando se utilice para ello la plataforma de la Red Social, ser\u00e1n publicadas en la misma. Cumpliendo siempre con la LSSI-CE y con cualquier otra norma que le sea de aplicaci\u00f3n.<\/h3><h3>La Red Social no patrocina, avala ni administra, de modo alguno, ninguna de nuestras promociones, ni est\u00e1 asociada a ninguna de ellas.<\/h3><h2>Publicidad<\/h2><h3>ENRIPER HOSTELER\u00cdA, S.L. utilizar\u00e1 la Red Social para publicitar sus productos y servicios, en todo caso, si decide tratar sus datos de contacto para realizar acciones directas de prospecci\u00f3n comercial, ser\u00e1 siempre, cumpliendo con las exigencias legales de la RGPD y de la LSSI-CE.<\/h3><h3>No se considerar\u00e1 publicidad el hecho de recomendar a otros usuarios la p\u00e1gina de ENRIPER HOSTELER\u00cdA, S.L. para que tambi\u00e9n ellos puedan disfrutar de las promociones o estar informados de su actividad.<\/h3><h3>A continuaci\u00f3n, detallamos el enlace a la pol\u00edtica de privacidad de la Red Social:<\/h3><ul><li><h3>Instagram: <a href=\"https:\/\/es-la.facebook.com\/help\/instagram\/155833707900388\">https:\/\/es-la.facebook.com\/help\/instagram\/155833707900388<\/a><\/h3><\/li><\/ul><h3><u>\u00a0<\/u><\/h3><h3>\u00a0<\/h3>\t\t\t\t\t\t\t\t<\/div>\n\t\t\t\t<\/div>\n\t\t\t\t\t<\/div>\n\t\t\t\t<\/div>\n\t\t\t\t<\/div>","protected":false},"excerpt":{"rendered":"<p>POL\u00cdTICA DE PRIVACIDAD Derecho de informaci\u00f3n A los efectos de lo dispuesto en el Reglamento (UE) 2016\/679 de 27 de abril de 2016 (GDPR), relativo a la protecci\u00f3n de las personas f\u00edsicas en lo que respecta al tratamiento de datos personales y a la libre circulaci\u00f3n de estos datos y a la Ley Org\u00e1nica 3\/2018 [&hellip;]<\/p>\n","protected":false},"author":1,"featured_media":0,"parent":0,"menu_order":0,"comment_status":"closed","ping_status":"closed","template":"","meta":{"site-sidebar-layout":"no-sidebar","site-content-layout":"page-builder","ast-site-content-layout":"full-width-container","site-content-style":"default","site-sidebar-style":"default","ast-global-header-display":"","ast-banner-title-visibility":"","ast-main-header-display":"","ast-hfb-above-header-display":"","ast-hfb-below-header-display":"","ast-hfb-mobile-header-display":"","site-post-title":"","ast-breadcrumbs-content":"","ast-featured-img":"disabled","footer-sml-layout":"","ast-disable-related-posts":"","theme-transparent-header-meta":"","adv-header-id-meta":"","stick-header-meta":"","header-above-stick-meta":"","header-main-stick-meta":"","header-below-stick-meta":"","astra-migrate-meta-layouts":"set","ast-page-background-enabled":"default","ast-page-background-meta":{"desktop":{"background-color":"var(--ast-global-color-4)","background-image":"","background-repeat":"repeat","background-position":"center center","background-size":"auto","background-attachment":"scroll","background-type":"","background-media":"","overlay-type":"","overlay-color":"","overlay-opacity":"","overlay-gradient":""},"tablet":{"background-color":"","background-image":"","background-repeat":"repeat","background-position":"center center","background-size":"auto","background-attachment":"scroll","background-type":"","background-media":"","overlay-type":"","overlay-color":"","overlay-opacity":"","overlay-gradient":""},"mobile":{"background-color":"","background-image":"","background-repeat":"repeat","background-position":"center center","background-size":"auto","background-attachment":"scroll","background-type":"","background-media":"","overlay-type":"","overlay-color":"","overlay-opacity":"","overlay-gradient":""}},"ast-content-background-meta":{"desktop":{"background-color":"var(--ast-global-color-5)","background-image":"","background-repeat":"repeat","background-position":"center center","background-size":"auto","background-attachment":"scroll","background-type":"","background-media":"","overlay-type":"","overlay-color":"","overlay-opacity":"","overlay-gradient":""},"tablet":{"background-color":"var(--ast-global-color-5)","background-image":"","background-repeat":"repeat","background-position":"center center","background-size":"auto","background-attachment":"scroll","background-type":"","background-media":"","overlay-type":"","overlay-color":"","overlay-opacity":"","overlay-gradient":""},"mobile":{"background-color":"var(--ast-global-color-5)","background-image":"","background-repeat":"repeat","background-position":"center center","background-size":"auto","background-attachment":"scroll","background-type":"","background-media":"","overlay-type":"","overlay-color":"","overlay-opacity":"","overlay-gradient":""}},"footnotes":""},"class_list":["post-4521","page","type-page","status-publish","hentry"],"_links":{"self":[{"href":"https:\/\/restaurantealhacena.es\/en\/wp-json\/wp\/v2\/pages\/4521","targetHints":{"allow":["GET"]}}],"collection":[{"href":"https:\/\/restaurantealhacena.es\/en\/wp-json\/wp\/v2\/pages"}],"about":[{"href":"https:\/\/restaurantealhacena.es\/en\/wp-json\/wp\/v2\/types\/page"}],"author":[{"embeddable":true,"href":"https:\/\/restaurantealhacena.es\/en\/wp-json\/wp\/v2\/users\/1"}],"replies":[{"embeddable":true,"href":"https:\/\/restaurantealhacena.es\/en\/wp-json\/wp\/v2\/comments?post=4521"}],"version-history":[{"count":13,"href":"https:\/\/restaurantealhacena.es\/en\/wp-json\/wp\/v2\/pages\/4521\/revisions"}],"predecessor-version":[{"id":4652,"href":"https:\/\/restaurantealhacena.es\/en\/wp-json\/wp\/v2\/pages\/4521\/revisions\/4652"}],"wp:attachment":[{"href":"https:\/\/restaurantealhacena.es\/en\/wp-json\/wp\/v2\/media?parent=4521"}],"curies":[{"name":"wp","href":"https:\/\/api.w.org\/{rel}","templated":true}]}}