{"id":4519,"date":"2025-12-14T18:50:39","date_gmt":"2025-12-14T18:50:39","guid":{"rendered":"https:\/\/restaurantealhacena.es\/?page_id=4519"},"modified":"2025-12-16T20:47:40","modified_gmt":"2025-12-16T20:47:40","slug":"aviso-legal","status":"publish","type":"page","link":"https:\/\/restaurantealhacena.es\/en\/aviso-legal\/","title":{"rendered":"Aviso legal"},"content":{"rendered":"\t\t<div data-elementor-type=\"wp-page\" data-elementor-id=\"4519\" class=\"elementor elementor-4519\" data-elementor-post-type=\"page\">\n\t\t\t\t<div class=\"elementor-element elementor-element-5863d69 e-flex e-con-boxed e-con e-parent\" data-id=\"5863d69\" data-element_type=\"container\" data-e-type=\"container\">\n\t\t\t\t\t<div class=\"e-con-inner\">\n\t\t\t\t<div class=\"elementor-element elementor-element-ae6780d elementor-widget elementor-widget-spacer\" data-id=\"ae6780d\" data-element_type=\"widget\" data-e-type=\"widget\" data-widget_type=\"spacer.default\">\n\t\t\t\t<div class=\"elementor-widget-container\">\n\t\t\t\t\t\t\t<div class=\"elementor-spacer\">\n\t\t\t<div class=\"elementor-spacer-inner\"><\/div>\n\t\t<\/div>\n\t\t\t\t\t\t<\/div>\n\t\t\t\t<\/div>\n\t\t\t\t<div class=\"elementor-element elementor-element-325c6bd elementor-widget elementor-widget-text-editor\" data-id=\"325c6bd\" data-element_type=\"widget\" data-e-type=\"widget\" data-widget_type=\"text-editor.default\">\n\t\t\t\t<div class=\"elementor-widget-container\">\n\t\t\t\t\t\t\t\t\t<h1><strong>AVISO LEGAL<\/strong><\/h1><ul><li><h2><strong>DATOS DE LA ENTIDAD<\/strong><\/h2><\/li><\/ul><p>En cumplimiento del art\u00edculo 10 de la Ley 34\/2002, de 11 de julio, de Servicios de la Sociedad de la Informaci\u00f3n y Comercio Electr\u00f3nico, ENRIPER HOSTELER\u00cdA, S.L. le informa que se encuentra inscrita en el Registro <em>[DATOS REGISTRALES]<\/em>, siendo sus datos identificativos los siguientes:<\/p><ul><li><strong>Denominaci\u00f3n social:<\/strong> ENRIPER HOSTELER\u00cdA, S.L.<\/li><li><strong>Nombre comercial: <\/strong>RESTAURANTE LA ALHACENA<\/li><li><strong>I.F.:<\/strong> B16452955<\/li><li><strong>Domicilio social:<\/strong> VIRGEN DEL PUIG, 36 BAJO 46540 &#8211; EL PUIG (VALENCIA)<\/li><li><strong>Tel\u00e9fono:<\/strong> 961471340<\/li><li><strong>Correo electr\u00f3nico a efectos de comunicaci\u00f3n:<\/strong> <u>restaalhacena23@gmail.com<\/u><\/li><li><strong>Dominio WEB:<\/strong> <em><u>restaurantealhacena.es<\/u><\/em><\/li><\/ul><p>Todas las notificaciones y comunicaciones entre los usuarios y ENRIPER HOSTELER\u00cdA, S.L. se considerar\u00e1n eficaces, a todos los efectos, cuando se realicen a trav\u00e9s de correo postal o cualquier otro medio de los detallados anteriormente.<\/p><p><em>ENRIPER HOSTELER\u00cdA, S.L. cuenta con la autorizaci\u00f3n administrativa __________________ necesaria para desarrollar las actividades desempe\u00f1adas por el mismo. El \u00f3rgano competente encargado de su supervisi\u00f3n es_________________________________<\/em><em>(en el caso de que fuera necesaria dicha autorizaci\u00f3n para el ejercicio de la actividad).<\/em><\/p><ul><li><h2><strong>CONDICIONES DE ACCESO Y UTILIZACI\u00d3N<\/strong><\/h2><\/li><\/ul><p>El presente aviso legal regula el uso del sitio web <em><u>www.restaurantealhacena.es<\/u> <\/em>(en adelante, LA WEB), del que es titular ENRIPER HOSTELER\u00cdA, S.L.<\/p><p>La navegaci\u00f3n por la web de ENRIPER HOSTELER\u00cdA, S.L. atribuye la condici\u00f3n de usuario del mismo e implica la aceptaci\u00f3n plena y sin reservas de todas y cada una de las disposiciones incluidas en este Aviso Legal, que pueden sufrir modificaciones.<\/p><p>El sitio web y sus servicios son de acceso libre y gratuito, no obstante, ENRIPER HOSTELER\u00cdA, S.L. condiciona la utilizaci\u00f3n de algunos de los servicios ofrecidos en su web a la previa cumplimentaci\u00f3n del correspondiente formulario.<\/p><p>Todos los contenidos del sitio web, como textos, fotograf\u00edas, gr\u00e1ficos, im\u00e1genes, iconos, tecnolog\u00eda, software, as\u00ed como su dise\u00f1o y c\u00f3digos fuente, constituyen una obra cuya propiedad pertenece a ENRIPER HOSTELER\u00cdA, S.L., sin que puedan entenderse cedidos al usuario ninguno de los derechos de explotaci\u00f3n sobre los mismos m\u00e1s all\u00e1 de lo estrictamente necesario para el correcto uso de la web.<\/p><p>El usuario garantiza la autenticidad y actualidad de todos aquellos datos que comunique a ENRIPER HOSTELER\u00cdA, S.L. y ser\u00e1 el \u00fanico responsable de las manifestaciones falsas o inexactas que realice.<\/p><p>El usuario se obliga a hacer un uso correcto del sitio web de conformidad con las leyes, la buena fe, el orden p\u00fablico, los usos del tr\u00e1fico y el presente Aviso Legal. El usuario responder\u00e1 frente a ENRIPER HOSTELER\u00cdA, S.L. o frente a terceros, de cualesquiera da\u00f1os y perjuicios que pudieran causarse como consecuencia del incumplimiento de dicha obligaci\u00f3n.<\/p><ul><li><h2><strong>POL\u00cdTICA DE ENLACES Y EXENCIONES DE RESPONSABILIDADES<\/strong><\/h2><\/li><\/ul><p>ENRIPER HOSTELER\u00cdA, S.L. no se hace responsable del contenido de las p\u00e1ginas web a las que el usuario pueda acceder a trav\u00e9s de los enlaces establecidos en LA WEB y declara que en ning\u00fan caso proceder\u00e1 a examinar o ejercitar ning\u00fan tipo de control sobre el contenido de otras p\u00e1ginas de la red. Asimismo, tampoco garantizar\u00e1 la disponibilidad t\u00e9cnica, exactitud, veracidad, validez o legalidad de p\u00e1ginas ajenas a su propiedad a las que se pueda acceder por medio de los enlaces.<\/p><p>ENRIPER HOSTELER\u00cdA, S.L. declara haber adoptado todas las medidas necesarias para evitar cualesquiera da\u00f1os que, a los usuarios de LA WEB, pudieran derivarse de la navegaci\u00f3n por la misma. En consecuencia, ENRIPER HOSTELER\u00cdA, S.L. no se hace responsable, en ning\u00fan caso, de los eventuales da\u00f1os que por la navegaci\u00f3n por Internet pudiera sufrir el usuario.<\/p><ul><li><h2><strong>USO DE COOKIES Y DATOS ESTAD\u00cdSTICOS<\/strong><\/h2><\/li><\/ul><p>Esta p\u00e1gina web puede recoger datos de sus visitantes por medio del uso de cookies, donde se recabar\u00e1 informaci\u00f3n personal relacionada con su navegaci\u00f3n. Para conocer de manera clara y precisa las cookies que utilizamos, cu\u00e1les son sus finalidades y c\u00f3mo puede configurarlas o deshabilitarlas, consulte nuestra <strong><em><u>pol\u00edtica de cookies<\/u><\/em><\/strong>, en su caso.<\/p><p>El usuario tiene la posibilidad de configurar su navegador de modo que se le informe de la recepci\u00f3n de cookies, pudiendo, si as\u00ed lo desea, impedir que sean instaladas en su disco duro.<\/p><ul><li><h2><strong>PROTECCI\u00d3N DE DATOS <\/strong><\/h2><\/li><\/ul><p>En el caso de que en la web se recojan datos de car\u00e1cter personal, para m\u00e1s informaci\u00f3n consultar la <strong><em><u>pol\u00edtica de privacidad<\/u><\/em><\/strong>. \u00a0\u00a0\u00a0<\/p><ul><li><h2><strong>RESOLUCI\u00d3N DE CONTROVERSIAS. LEY APLICABLE Y JURISDICCI\u00d3N<\/strong><\/h2><\/li><\/ul><p>Las presentes Condiciones Generales de Uso, as\u00ed como el uso del Espacio Web, se regir\u00e1n por la legislaci\u00f3n espa\u00f1ola. Para la resoluci\u00f3n de cualquier controversia las partes se someter\u00e1n a los Juzgados y Tribunales del domicilio social del responsable del sitio web.<\/p><p>En el supuesto de que cualquier estipulaci\u00f3n de las presentes Condiciones Generales de Uso resultara inexigible o nula en virtud de la legislaci\u00f3n aplicable o como consecuencia de una resoluci\u00f3n judicial o administrativa, dicha inexigibilidad o nulidad no har\u00e1 que las presentes Condiciones Generales de Uso resulten inexigibles o nulas en su conjunto. En dichos casos, la empresa proceder\u00e1 a la modificaci\u00f3n o sustituci\u00f3n de dicha estipulaci\u00f3n por otra que sea v\u00e1lida y exigible y que, en la medida de lo posible, consiga el objetivo y pretensi\u00f3n reflejados en la estipulaci\u00f3n original.<\/p>\t\t\t\t\t\t\t\t<\/div>\n\t\t\t\t<\/div>\n\t\t\t\t\t<\/div>\n\t\t\t\t<\/div>\n\t\t\t\t<\/div>\n\t\t","protected":false},"excerpt":{"rendered":"<p>AVISO LEGAL DATOS DE LA ENTIDAD En cumplimiento del art\u00edculo 10 de la Ley 34\/2002, de 11 de julio, de Servicios de la Sociedad de la Informaci\u00f3n y Comercio Electr\u00f3nico, ENRIPER HOSTELER\u00cdA, S.L. le informa que se encuentra inscrita en el Registro [DATOS REGISTRALES], siendo sus datos identificativos los siguientes: Denominaci\u00f3n social: ENRIPER HOSTELER\u00cdA, S.L. [&hellip;]<\/p>\n","protected":false},"author":1,"featured_media":0,"parent":0,"menu_order":0,"comment_status":"closed","ping_status":"closed","template":"","meta":{"site-sidebar-layout":"no-sidebar","site-content-layout":"page-builder","ast-site-content-layout":"full-width-container","site-content-style":"default","site-sidebar-style":"default","ast-global-header-display":"","ast-banner-title-visibility":"","ast-main-header-display":"","ast-hfb-above-header-display":"","ast-hfb-below-header-display":"","ast-hfb-mobile-header-display":"","site-post-title":"","ast-breadcrumbs-content":"","ast-featured-img":"disabled","footer-sml-layout":"","ast-disable-related-posts":"","theme-transparent-header-meta":"","adv-header-id-meta":"","stick-header-meta":"","header-above-stick-meta":"","header-main-stick-meta":"","header-below-stick-meta":"","astra-migrate-meta-layouts":"set","ast-page-background-enabled":"default","ast-page-background-meta":{"desktop":{"background-color":"var(--ast-global-color-4)","background-image":"","background-repeat":"repeat","background-position":"center center","background-size":"auto","background-attachment":"scroll","background-type":"","background-media":"","overlay-type":"","overlay-color":"","overlay-opacity":"","overlay-gradient":""},"tablet":{"background-color":"","background-image":"","background-repeat":"repeat","background-position":"center center","background-size":"auto","background-attachment":"scroll","background-type":"","background-media":"","overlay-type":"","overlay-color":"","overlay-opacity":"","overlay-gradient":""},"mobile":{"background-color":"","background-image":"","background-repeat":"repeat","background-position":"center center","background-size":"auto","background-attachment":"scroll","background-type":"","background-media":"","overlay-type":"","overlay-color":"","overlay-opacity":"","overlay-gradient":""}},"ast-content-background-meta":{"desktop":{"background-color":"var(--ast-global-color-5)","background-image":"","background-repeat":"repeat","background-position":"center center","background-size":"auto","background-attachment":"scroll","background-type":"","background-media":"","overlay-type":"","overlay-color":"","overlay-opacity":"","overlay-gradient":""},"tablet":{"background-color":"var(--ast-global-color-5)","background-image":"","background-repeat":"repeat","background-position":"center center","background-size":"auto","background-attachment":"scroll","background-type":"","background-media":"","overlay-type":"","overlay-color":"","overlay-opacity":"","overlay-gradient":""},"mobile":{"background-color":"var(--ast-global-color-5)","background-image":"","background-repeat":"repeat","background-position":"center center","background-size":"auto","background-attachment":"scroll","background-type":"","background-media":"","overlay-type":"","overlay-color":"","overlay-opacity":"","overlay-gradient":""}},"footnotes":""},"class_list":["post-4519","page","type-page","status-publish","hentry"],"_links":{"self":[{"href":"https:\/\/restaurantealhacena.es\/en\/wp-json\/wp\/v2\/pages\/4519","targetHints":{"allow":["GET"]}}],"collection":[{"href":"https:\/\/restaurantealhacena.es\/en\/wp-json\/wp\/v2\/pages"}],"about":[{"href":"https:\/\/restaurantealhacena.es\/en\/wp-json\/wp\/v2\/types\/page"}],"author":[{"embeddable":true,"href":"https:\/\/restaurantealhacena.es\/en\/wp-json\/wp\/v2\/users\/1"}],"replies":[{"embeddable":true,"href":"https:\/\/restaurantealhacena.es\/en\/wp-json\/wp\/v2\/comments?post=4519"}],"version-history":[{"count":4,"href":"https:\/\/restaurantealhacena.es\/en\/wp-json\/wp\/v2\/pages\/4519\/revisions"}],"predecessor-version":[{"id":4634,"href":"https:\/\/restaurantealhacena.es\/en\/wp-json\/wp\/v2\/pages\/4519\/revisions\/4634"}],"wp:attachment":[{"href":"https:\/\/restaurantealhacena.es\/en\/wp-json\/wp\/v2\/media?parent=4519"}],"curies":[{"name":"wp","href":"https:\/\/api.w.org\/{rel}","templated":true}]}}