{"id":1393,"date":"2023-11-18T16:05:34","date_gmt":"2023-11-18T16:05:34","guid":{"rendered":"https:\/\/restaurantealhacena.es\/?page_id=1393"},"modified":"2025-12-16T21:09:23","modified_gmt":"2025-12-16T21:09:23","slug":"bodega","status":"publish","type":"page","link":"https:\/\/restaurantealhacena.es\/en\/bodega\/","title":{"rendered":"Bodega"},"content":{"rendered":"<div data-elementor-type=\"wp-page\" data-elementor-id=\"1393\" class=\"elementor elementor-1393\" data-elementor-post-type=\"page\">\n\t\t\t\t<div class=\"elementor-element elementor-element-973feae e-con-full e-flex e-con e-parent\" data-id=\"973feae\" data-element_type=\"container\" data-e-type=\"container\" data-settings=\"{&quot;background_background&quot;:&quot;classic&quot;}\">\n\t\t\t\t<div class=\"elementor-element elementor-element-f3ebffe elementor-widget elementor-widget-spacer\" data-id=\"f3ebffe\" data-element_type=\"widget\" data-e-type=\"widget\" data-widget_type=\"spacer.default\">\n\t\t\t\t<div class=\"elementor-widget-container\">\n\t\t\t\t\t\t\t<div class=\"elementor-spacer\">\n\t\t\t<div class=\"elementor-spacer-inner\"><\/div>\n\t\t<\/div>\n\t\t\t\t\t\t<\/div>\n\t\t\t\t<\/div>\n\t\t\t\t<div class=\"elementor-element elementor-element-426a80d elementor-widget elementor-widget-text-editor\" data-id=\"426a80d\" data-element_type=\"widget\" data-e-type=\"widget\" data-widget_type=\"text-editor.default\">\n\t\t\t\t<div class=\"elementor-widget-container\">\n\t\t\t\t\t\t\t\t\t<p>NUESTRA BODEGA<\/p>\t\t\t\t\t\t\t\t<\/div>\n\t\t\t\t<\/div>\n\t\t\t\t<div class=\"elementor-element elementor-element-a8d874f elementor-widget__width-inherit elementor-widget elementor-widget-text-editor\" data-id=\"a8d874f\" data-element_type=\"widget\" data-e-type=\"widget\" data-widget_type=\"text-editor.default\">\n\t\t\t\t<div class=\"elementor-widget-container\">\n\t\t\t\t\t\t\t\t\t<p>Restaurante Alhacena<\/p>\t\t\t\t\t\t\t\t<\/div>\n\t\t\t\t<\/div>\n\t\t\t\t<div class=\"elementor-element elementor-element-2e106cd elementor-widget elementor-widget-html\" data-id=\"2e106cd\" data-element_type=\"widget\" data-e-type=\"widget\" data-widget_type=\"html.default\">\n\t\t\t\t<div class=\"elementor-widget-container\">\n\t\t\t\t\t<div class=\"carta-wrapper\">\r\n\r\n  <!-- ===========================================================\r\n                 BLANCOS COMUNIDAD VALENCIANA\r\n  =========================================================== -->\r\n  <details class=\"bloque-carta-entrantes\">\r\n    <summary class=\"titulo-entrantes\"><span class=\"titulo-entrantes-texto\">BLANCOS COMUNIDAD VALENCIANA<\/span><\/summary>\r\n    <div class=\"carta-entrantes\">\r\n      <div class=\"plato\"><div class=\"plato-nombre-desc\"><div class=\"plato-nombre\">Angosto<\/div><div class=\"plato-descripcion\">Sauvignon Blanc, Chardonnay and others \u00b7 Valencia<\/div><\/div><div class=\"plato-precio\">15,00\u20ac<\/div><\/div>\r\n      <div class=\"plato\"><div class=\"plato-nombre-desc\"><div class=\"plato-nombre\">Bah\u00eda de Denia<\/div><div class=\"plato-descripcion\">Moscatel, semidulce \u00b7 Xal\u00f3, Alicante<\/div><\/div><div class=\"plato-precio\">15,00\u20ac<\/div><\/div>\r\n      <div class=\"plato\"><div class=\"plato-nombre-desc\"><div class=\"plato-nombre\">Trilog\u00eda Blanc<\/div><div class=\"plato-descripcion\">Sauvignon Blanc, Muscat y Verdil \u00b7 Fontanars<\/div><\/div><div class=\"plato-precio\">19,00\u20ac<\/div><\/div>\r\n      <div class=\"plato\"><div class=\"plato-nombre-desc\"><div class=\"plato-nombre\">Cullerot<\/div><div class=\"plato-descripcion\">Chardonnay with ageing \u00b7 Pinoso, Alicante<\/div><\/div><div class=\"plato-precio\">19,00\u20ac<\/div><\/div>\r\n      <div class=\"plato\"><div class=\"plato-nombre-desc\"><div class=\"plato-nombre\">Triga<\/div><div class=\"plato-descripcion\">Chardonnay with crianza \u00b7 Pinoso, Alicante<\/div><\/div><div class=\"plato-precio\">26,00\u20ac<\/div><\/div>\r\n      <div class=\"plato\"><div class=\"plato-nombre-desc\"><div class=\"plato-nombre\">Improntu<\/div><div class=\"plato-descripcion\">Sauvignon \u00b7 Requena<\/div><\/div><div class=\"plato-precio\">32,00\u20ac<\/div><\/div>\r\n    <\/div>\r\n  <\/details>\r\n\r\n  <!-- ===========================================================\r\n                          BLANCOS RUEDA\r\n  =========================================================== -->\r\n  <details class=\"bloque-carta-entrantes\">\r\n    <summary class=\"titulo-entrantes\"><span class=\"titulo-entrantes-texto\">BLANCOS RUEDA<\/span><\/summary>\r\n    <div class=\"carta-entrantes\">\r\n      <div class=\"plato\"><div class=\"plato-nombre-desc\"><div class=\"plato-nombre\">Palomo Cojo<\/div><div class=\"plato-descripcion\">Verdejo afrutado<\/div><\/div><div class=\"plato-precio\">19,00\u20ac<\/div><\/div>\r\n      <div class=\"plato\"><div class=\"plato-nombre-desc\"><div class=\"plato-nombre\">Javier Sanz Viticultor<\/div><div class=\"plato-descripcion\">Verdejo sobre l\u00edas<\/div><\/div><div class=\"plato-precio\">20,00\u20ac<\/div><\/div>\r\n      <div class=\"plato\"><div class=\"plato-nombre-desc\"><div class=\"plato-nombre\">Belondrade & Lurton<\/div><div class=\"plato-descripcion\">Verdejo con crianza<\/div><\/div><div class=\"plato-precio\">54,00\u20ac<\/div><\/div>\r\n    <\/div>\r\n  <\/details>\r\n\r\n  <!-- ===========================================================\r\n                       BLANCOS ATL\u00c1NTICOS\r\n  =========================================================== -->\r\n  <details class=\"bloque-carta-entrantes\">\r\n    <summary class=\"titulo-entrantes\"><span class=\"titulo-entrantes-texto\">BLANCOS ATL\u00c1NTICOS<\/span><\/summary>\r\n    <div class=\"carta-entrantes\">\r\n      <div class=\"plato\"><div class=\"plato-nombre-desc\"><div class=\"plato-nombre\">Sameir\u00e0s<\/div><div class=\"plato-descripcion\">Treixadura, Albari\u00f1o, Godello, Lado \u00b7 Ribeiro<\/div><\/div><div class=\"plato-precio\">22,00\u20ac<\/div><\/div>\r\n      <div class=\"plato\"><div class=\"plato-nombre-desc\"><div class=\"plato-nombre\">Quinta do Sil<\/div><div class=\"plato-descripcion\">Godello \u00b7 Valdeorras<\/div><\/div><div class=\"plato-precio\">22,00\u20ac<\/div><\/div>\r\n      <div class=\"plato\"><div class=\"plato-nombre-desc\"><div class=\"plato-nombre\">Terras Gaudas<\/div><div class=\"plato-descripcion\">Albari\u00f1o, Loureiro, Ca\u00ed\u00f1o \u00b7 R\u00edas Baixas<\/div><\/div><div class=\"plato-precio\">24,00\u20ac<\/div><\/div>\r\n      <div class=\"plato\"><div class=\"plato-nombre-desc\"><div class=\"plato-nombre\">Pazo Baion<\/div><div class=\"plato-descripcion\">Albari\u00f1o en l\u00edas puro \u00b7 R\u00edas Baixas<\/div><\/div><div class=\"plato-precio\">26,00\u20ac<\/div><\/div>\r\n    <\/div>\r\n  <\/details>\r\n\r\n  <!-- ===========================================================\r\n                 OTRAS ZONAS, OTROS BLANCOS\r\n  =========================================================== -->\r\n  <details class=\"bloque-carta-entrantes\">\r\n    <summary class=\"titulo-entrantes\"><span class=\"titulo-entrantes-texto\">OTRAS ZONAS, OTROS BLANCOS<\/span><\/summary>\r\n    <div class=\"carta-entrantes\">\r\n      <div class=\"plato\"><div class=\"plato-nombre-desc\"><div class=\"plato-nombre\">Alqu\u00e9zar<\/div><div class=\"plato-descripcion\">Gew\u00fcrztraminer \u00b7 Somontano<\/div><\/div><div class=\"plato-precio\">16,00\u20ac<\/div><\/div>\r\n      <div class=\"plato\"><div class=\"plato-nombre-desc\"><div class=\"plato-nombre\">Pirineos Chardonnay<\/div><div class=\"plato-descripcion\">Chardonnay \u00b7 Somontano<\/div><\/div><div class=\"plato-precio\">19,00\u20ac<\/div><\/div>\r\n      <div class=\"plato\"><div class=\"plato-nombre-desc\"><div class=\"plato-nombre\">Karl Schaefer Trocken<\/div><div class=\"plato-descripcion\">Riesling \u00b7 Palz, Alemania<\/div><\/div><div class=\"plato-precio\">23,00\u20ac<\/div><\/div>\r\n      <div class=\"plato\"><div class=\"plato-nombre-desc\"><div class=\"plato-nombre\">Tres Vi\u00f1as Reserva<\/div><div class=\"plato-descripcion\">Viura, Malvas\u00eda, Garnacha Blanca \u00b7 Rioja<\/div><\/div><div class=\"plato-precio\">23,00\u20ac<\/div><\/div>\r\n      <div class=\"plato\"><div class=\"plato-nombre-desc\"><div class=\"plato-nombre\">Mina de Oro<\/div><div class=\"plato-descripcion\">Viognier F. Barrica \u00b7 Murcia<\/div><\/div><div class=\"plato-precio\">24,00\u20ac<\/div><\/div>\r\n    <\/div>\r\n  <\/details>\r\n\r\n  <!-- ===========================================================\r\n                    CAVA - CHAMPAGNE\r\n  =========================================================== -->\r\n  <details class=\"bloque-carta-entrantes\">\r\n    <summary class=\"titulo-entrantes\"><span class=\"titulo-entrantes-texto\">CAVA - CHAMPAGNE<\/span><\/summary>\r\n    <div class=\"carta-entrantes\">\r\n      <div class=\"plato\"><div class=\"plato-nombre-desc\"><div class=\"plato-nombre\">Dominio de la Vega N\u00ba 1<\/div><div class=\"plato-descripcion\">Cava \u00b7 Brut Reserva<\/div><\/div><div class=\"plato-precio\">16,00\u20ac<\/div><\/div>\r\n      <div class=\"plato\"><div class=\"plato-nombre-desc\"><div class=\"plato-nombre\">Agust\u00ed Torell\u00f3 Mata<\/div><div class=\"plato-descripcion\">Cava \u00b7 Brut Reserva<\/div><\/div><div class=\"plato-precio\">22,00\u20ac<\/div><\/div>\r\n      <div class=\"plato\"><div class=\"plato-nombre-desc\"><div class=\"plato-nombre\">Dominio de la Vega<\/div><div class=\"plato-descripcion\">Brut Reserva Especial<\/div><\/div><div class=\"plato-precio\">27,50\u20ac<\/div><\/div>\r\n      <div class=\"plato\"><div class=\"plato-nombre-desc\"><div class=\"plato-nombre\">Ravent\u00f3s \u201cLa Finca\u201d<\/div><div class=\"plato-descripcion\">Corpinnat \u00b7 Brut Nature<\/div><\/div><div class=\"plato-precio\">30,00\u20ac<\/div><\/div>\r\n      <div class=\"plato\"><div class=\"plato-nombre-desc\"><div class=\"plato-nombre\">Tantum Ergo Ros\u00e9<\/div><div class=\"plato-descripcion\">Cava \u00b7 Brut Ros\u00e9<\/div><\/div><div class=\"plato-precio\">34,00\u20ac<\/div><\/div>\r\n      <div class=\"plato\"><div class=\"plato-nombre-desc\"><div class=\"plato-nombre\">Louis Roederer Collection 244<\/div><div class=\"plato-descripcion\">Champagne<\/div><\/div><div class=\"plato-precio\">69,00\u20ac<\/div><\/div>\r\n      <div class=\"plato\"><div class=\"plato-nombre-desc\"><div class=\"plato-nombre\">Gosset Grand Ros\u00e9<\/div><div class=\"plato-descripcion\">Champagne<\/div><\/div><div class=\"plato-precio\">96,00\u20ac<\/div><\/div>\r\n    <\/div>\r\n  <\/details>\r\n\r\n  <!-- ===========================================================\r\n                              ROSADOS\r\n  =========================================================== -->\r\n  <details class=\"bloque-carta-entrantes\">\r\n    <summary class=\"titulo-entrantes\"><span class=\"titulo-entrantes-texto\">ROSADOS<\/span><\/summary>\r\n    <div class=\"carta-entrantes\">\r\n      <div class=\"plato\"><div class=\"plato-nombre-desc\"><div class=\"plato-nombre\">Alqu\u00e9zar<\/div><div class=\"plato-descripcion\">Rosado de aguja \u00b7 Somontano<\/div><\/div><div class=\"plato-precio\">16,00\u20ac<\/div><\/div>\r\n      <div class=\"plato\"><div class=\"plato-nombre-desc\"><div class=\"plato-nombre\">Excellens Ros\u00e9<\/div><div class=\"plato-descripcion\">Tempranillo y Garnacha \u00b7 Rioja<\/div><\/div><div class=\"plato-precio\">16,00\u20ac<\/div><\/div>\r\n    <\/div>\r\n  <\/details>\r\n\r\n  <!-- ===========================================================\r\n   TINTOS DE RIOJA CL\u00c1SICOS, SUTILES, CON CRIANZA\r\n  =========================================================== -->\r\n  <details class=\"bloque-carta-entrantes\">\r\n    <summary class=\"titulo-entrantes\"><span class=\"titulo-entrantes-texto\">TINTOS DE RIOJA CL\u00c1SICOS, SUTILES, CON CRIANZA\u2026<\/span><\/summary>\r\n    <div class=\"carta-entrantes\">\r\n      <div class=\"plato\"><div class=\"plato-nombre-desc\"><div class=\"plato-nombre\">Vi\u00f1a Los Valles Crianza<\/div><div class=\"plato-descripcion\">Tempranillo y Graciano<\/div><\/div><div class=\"plato-precio\">19,00\u20ac<\/div><\/div>\r\n      <div class=\"plato\"><div class=\"plato-nombre-desc\"><div class=\"plato-nombre\">Luis Ca\u00f1as Crianza<\/div><div class=\"plato-descripcion\">Tempranillo y Garnacha<\/div><\/div><div class=\"plato-precio\">20,00\u20ac<\/div><\/div>\r\n      <div class=\"plato\"><div class=\"plato-nombre-desc\"><div class=\"plato-nombre\">Baigorri Crianza<\/div><div class=\"plato-descripcion\">Tempranillo y Garnacha<\/div><\/div><div class=\"plato-precio\">22,00\u20ac<\/div><\/div>\r\n      <div class=\"plato\"><div class=\"plato-nombre-desc\"><div class=\"plato-nombre\">Muga Crianza<\/div><div class=\"plato-descripcion\">Tempranillo, Mazuelo y Graciano<\/div><\/div><div class=\"plato-precio\">29,00\u20ac<\/div><\/div>\r\n      <div class=\"plato\"><div class=\"plato-nombre-desc\"><div class=\"plato-nombre\">Marqu\u00e9s de Murrieta Reserva<\/div><div class=\"plato-descripcion\">Tempranillo, Graciano, Mazuelo y Garnacha<\/div><\/div><div class=\"plato-precio\">32,00\u20ac<\/div><\/div>\r\n    <\/div>\r\n  <\/details>\r\n\r\n  <!-- ===========================================================\r\n      RIBERA DEL DUERO & CASTILLA - LE\u00d3N AFRUTADOS\r\n  =========================================================== -->\r\n  <details class=\"bloque-carta-entrantes\">\r\n    <summary class=\"titulo-entrantes\"><span class=\"titulo-entrantes-texto\">RIBERA DEL DUERO & CASTILLA-LE\u00d3N AFRUTADOS\u2026<\/span><\/summary>\r\n    <div class=\"carta-entrantes\">\r\n      <div class=\"plato\"><div class=\"plato-nombre-desc\"><div class=\"plato-nombre\">Prado Rey Origen<\/div><div class=\"plato-descripcion\">Tinta fina, Cabernet y Merlot<\/div><\/div><div class=\"plato-precio\">16,00\u20ac<\/div><\/div>\r\n      <div class=\"plato\"><div class=\"plato-nombre-desc\"><div class=\"plato-nombre\">Carmelo Rodero 9 Meses<\/div><div class=\"plato-descripcion\">Tinta fina<\/div><\/div><div class=\"plato-precio\">22,00\u20ac<\/div><\/div>\r\n      <div class=\"plato\"><div class=\"plato-nombre-desc\"><div class=\"plato-nombre\">Dominio de Basconcillos 8 Meses<\/div><div class=\"plato-descripcion\">Finca de Altura \u00b7 Tinta fina<\/div><\/div><div class=\"plato-precio\">24,00\u20ac<\/div><\/div>\r\n      <div class=\"plato\"><div class=\"plato-nombre-desc\"><div class=\"plato-nombre\">Pesquera Crianza<\/div><div class=\"plato-descripcion\">Tinta fina<\/div><\/div><div class=\"plato-precio\">29,00\u20ac<\/div><\/div>\r\n      <div class=\"plato\"><div class=\"plato-nombre-desc\"><div class=\"plato-nombre\">Alonso del Yerro<\/div><div class=\"plato-descripcion\">Tinta fina<\/div><\/div><div class=\"plato-precio\">36,00\u20ac<\/div><\/div>\r\n      <div class=\"plato\"><div class=\"plato-nombre-desc\"><div class=\"plato-nombre\">Bosque de Matasnos<\/div><div class=\"plato-descripcion\">Tinta fina y Merlot<\/div><\/div><div class=\"plato-precio\">42,00\u20ac<\/div><\/div>\r\n      <div class=\"plato\"><div class=\"plato-nombre-desc\"><div class=\"plato-nombre\">Mauro<\/div><div class=\"plato-descripcion\">Tinta fina y Syrah<\/div><\/div><div class=\"plato-precio\">45,50\u20ac<\/div><\/div>\r\n      <div class=\"plato\"><div class=\"plato-nombre-desc\"><div class=\"plato-nombre\">Pago de Carraovejas<\/div><div class=\"plato-descripcion\">Tinta fina, Cabernet y Merlot<\/div><\/div><div class=\"plato-precio\">48,00\u20ac<\/div><\/div>\r\n    <\/div>\r\n  <\/details>\r\n\r\n  <!-- ===========================================================\r\n   COMUNIDAD VALENCIANA \u2014 AUT\u00c9NTICOS, CON CAR\u00c1CTER\r\n  =========================================================== -->\r\n  <details class=\"bloque-carta-entrantes\">\r\n    <summary class=\"titulo-entrantes\"><span class=\"titulo-entrantes-texto\">COMUNIDAD VALENCIANA \u2014 AUT\u00c9NTICOS, CON CAR\u00c1CTER\u2026<\/span><\/summary>\r\n    <div class=\"carta-entrantes\">\r\n      <div class=\"plato\"><div class=\"plato-nombre-desc\"><div class=\"plato-nombre\">Los Almendros<\/div><div class=\"plato-descripcion\">Garnacha tintorera, Marselan \u00b7 Ontinyent<\/div><\/div><div class=\"plato-precio\">19,00\u20ac<\/div><\/div>\r\n      <div class=\"plato\"><div class=\"plato-nombre-desc\"><div class=\"plato-nombre\">Rafa Cambra Dos<\/div><div class=\"plato-descripcion\">Cabernet Franc, Cabernet Sauvignon \u00b7 Fontanars<\/div><\/div><div class=\"plato-precio\">20,00\u20ac<\/div><\/div>\r\n      <div class=\"plato\"><div class=\"plato-nombre-desc\"><div class=\"plato-nombre\">Mestizaje<\/div><div class=\"plato-descripcion\">Bobal y otras \u00b7 Utiel<\/div><\/div><div class=\"plato-precio\">20,00\u20ac<\/div><\/div>\r\n      <div class=\"plato\"><div class=\"plato-nombre-desc\"><div class=\"plato-nombre\">Pepe Mendoza Casa Agr\u00edcola<\/div><div class=\"plato-descripcion\">Monastrell, Garnacha \u00b7 Alicante<\/div><\/div><div class=\"plato-precio\">20,00\u20ac<\/div><\/div>\r\n      <div class=\"plato\"><div class=\"plato-nombre-desc\"><div class=\"plato-nombre\">Paraje Tornel<\/div><div class=\"plato-descripcion\">Bobal \u00b7 Requena<\/div><\/div><div class=\"plato-precio\">20,00\u20ac<\/div><\/div>\r\n      <div class=\"plato\"><div class=\"plato-nombre-desc\"><div class=\"plato-nombre\">+ de 50<\/div><div class=\"plato-descripcion\">Monastrell Singulares \u00b7 Alicante<\/div><\/div><div class=\"plato-precio\">22,00\u20ac<\/div><\/div>\r\n      <div class=\"plato\"><div class=\"plato-nombre-desc\"><div class=\"plato-nombre\">La Garnacha de Mustiguillo<\/div><div class=\"plato-descripcion\">Garnacha fresca \u00b7 Utiel<\/div><\/div><div class=\"plato-precio\">24,00\u20ac<\/div><\/div>\r\n      <div class=\"plato\"><div class=\"plato-nombre-desc\"><div class=\"plato-nombre\">Maduresa<\/div><div class=\"plato-descripcion\">Monastrell y Cari\u00f1ena \u00b7 Moixent<\/div><\/div><div class=\"plato-precio\">30,00\u20ac<\/div><\/div>\r\n      <div class=\"plato\"><div class=\"plato-nombre-desc\"><div class=\"plato-nombre\">Pago de los Balagueses<\/div><div class=\"plato-descripcion\">Syrah \u00b7 Requena<\/div><\/div><div class=\"plato-precio\">31,00\u20ac<\/div><\/div>\r\n      <div class=\"plato\"><div class=\"plato-nombre-desc\"><div class=\"plato-nombre\">Finca Terrerazo<\/div><div class=\"plato-descripcion\">Expresi\u00f3n de Bobal \u00b7 Utiel<\/div><\/div><div class=\"plato-precio\">39,00\u20ac<\/div><\/div>\r\n    <\/div>\r\n  <\/details>\r\n\r\n  <!-- ===========================================================\r\n   OTROS TERRU\u00d1OS \u2014 OTROS TINTOS PARA ALMAS INQUIETAS\r\n  =========================================================== -->\r\n  <details class=\"bloque-carta-entrantes\">\r\n    <summary class=\"titulo-entrantes\"><span class=\"titulo-entrantes-texto\">OTROS TERRU\u00d1OS \u2014 OTROS TINTOS PARA ALMAS INQUIETAS<\/span><\/summary>\r\n    <div class=\"carta-entrantes\">\r\n\r\n      <div class=\"plato\"><div class=\"plato-nombre-desc\"><div class=\"plato-nombre\">Les Cousins L\u2019Inconscient<\/div><div class=\"plato-descripcion\">Cari\u00f1ena, Garnacha\u2026 \u00b7 Priorato<\/div><\/div><div class=\"plato-precio\">20,00\u20ac<\/div><\/div>\r\n\r\n      <div class=\"plato\"><div class=\"plato-nombre-desc\"><div class=\"plato-nombre\">3404 Crianza<\/div><div class=\"plato-descripcion\">Cabernet, Merlot, Moristel \u00b7 Somontano<\/div><\/div><div class=\"plato-precio\">21,00\u20ac<\/div><\/div>\r\n\r\n      <div class=\"plato\"><div class=\"plato-nombre-desc\"><div class=\"plato-nombre\">Finca Luna Beberide<\/div><div class=\"plato-descripcion\">Menc\u00eda \u00b7 El Bierzo<\/div><\/div><div class=\"plato-precio\">22,00\u20ac<\/div><\/div>\r\n\r\n      <div class=\"plato\"><div class=\"plato-nombre-desc\"><div class=\"plato-nombre\">Sameir\u00e0s<\/div><div class=\"plato-descripcion\">Sous\u00f3n, Ca\u00ed\u00f1o t., Brencellao \u00b7 Ribeiro<\/div><\/div><div class=\"plato-precio\">22,00\u20ac<\/div><\/div>\r\n\r\n      <div class=\"plato\"><div class=\"plato-nombre-desc\"><div class=\"plato-nombre\">Altos de Luz\u00f3n<\/div><div class=\"plato-descripcion\">Monastrell, 14 meses en barrica \u00b7 Jumilla<\/div><\/div><div class=\"plato-precio\">23,00\u20ac<\/div><\/div>\r\n\r\n    <\/div>\r\n  <\/details>\r\n\r\n<\/div>\r\n\t\t\t\t<\/div>\n\t\t\t\t<\/div>\n\t\t\t\t<\/div>\n\t\t\t\t<\/div>","protected":false},"excerpt":{"rendered":"<p>NUESTRA BODEGA Restaurante Alhacena BLANCOS COMUNIDAD VALENCIANA AngostoSauvignon Blanc, Chardonnay y otras \u00b7 Valencia15,00\u20ac Bah\u00eda de DeniaMoscatel, semidulce \u00b7 Xal\u00f3, Alicante15,00\u20ac Trilog\u00eda BlancSauvignon Blanc, Muscat y Verdil \u00b7 Fontanars19,00\u20ac CullerotPedro Xim\u00e9nez, Macabeo, Verdil y otras \u00b7 Moixent19,00\u20ac TrigaChardonnay con crianza \u00b7 Pinoso, Alicante26,00\u20ac ImprontuSauvignon \u00b7 Requena32,00\u20ac BLANCOS RUEDA Palomo CojoVerdejo afrutado19,00\u20ac Javier Sanz ViticultorVerdejo sobre [&hellip;]<\/p>\n","protected":false},"author":1,"featured_media":0,"parent":0,"menu_order":0,"comment_status":"closed","ping_status":"closed","template":"","meta":{"site-sidebar-layout":"no-sidebar","site-content-layout":"page-builder","ast-site-content-layout":"full-width-container","site-content-style":"default","site-sidebar-style":"default","ast-global-header-display":"","ast-banner-title-visibility":"","ast-main-header-display":"","ast-hfb-above-header-display":"","ast-hfb-below-header-display":"","ast-hfb-mobile-header-display":"","site-post-title":"disabled","ast-breadcrumbs-content":"","ast-featured-img":"disabled","footer-sml-layout":"","ast-disable-related-posts":"","theme-transparent-header-meta":"","adv-header-id-meta":"","stick-header-meta":"","header-above-stick-meta":"","header-main-stick-meta":"","header-below-stick-meta":"","astra-migrate-meta-layouts":"set","ast-page-background-enabled":"default","ast-page-background-meta":{"desktop":{"background-color":"var(--ast-global-color-4)","background-image":"","background-repeat":"repeat","background-position":"center center","background-size":"auto","background-attachment":"scroll","background-type":"","background-media":"","overlay-type":"","overlay-color":"","overlay-opacity":"","overlay-gradient":""},"tablet":{"background-color":"","background-image":"","background-repeat":"repeat","background-position":"center center","background-size":"auto","background-attachment":"scroll","background-type":"","background-media":"","overlay-type":"","overlay-color":"","overlay-opacity":"","overlay-gradient":""},"mobile":{"background-color":"","background-image":"","background-repeat":"repeat","background-position":"center center","background-size":"auto","background-attachment":"scroll","background-type":"","background-media":"","overlay-type":"","overlay-color":"","overlay-opacity":"","overlay-gradient":""}},"ast-content-background-meta":{"desktop":{"background-color":"var(--ast-global-color-5)","background-image":"","background-repeat":"repeat","background-position":"center center","background-size":"auto","background-attachment":"scroll","background-type":"","background-media":"","overlay-type":"","overlay-color":"","overlay-opacity":"","overlay-gradient":""},"tablet":{"background-color":"var(--ast-global-color-5)","background-image":"","background-repeat":"repeat","background-position":"center center","background-size":"auto","background-attachment":"scroll","background-type":"","background-media":"","overlay-type":"","overlay-color":"","overlay-opacity":"","overlay-gradient":""},"mobile":{"background-color":"var(--ast-global-color-5)","background-image":"","background-repeat":"repeat","background-position":"center center","background-size":"auto","background-attachment":"scroll","background-type":"","background-media":"","overlay-type":"","overlay-color":"","overlay-opacity":"","overlay-gradient":""}},"footnotes":""},"class_list":["post-1393","page","type-page","status-publish","hentry"],"_links":{"self":[{"href":"https:\/\/restaurantealhacena.es\/en\/wp-json\/wp\/v2\/pages\/1393","targetHints":{"allow":["GET"]}}],"collection":[{"href":"https:\/\/restaurantealhacena.es\/en\/wp-json\/wp\/v2\/pages"}],"about":[{"href":"https:\/\/restaurantealhacena.es\/en\/wp-json\/wp\/v2\/types\/page"}],"author":[{"embeddable":true,"href":"https:\/\/restaurantealhacena.es\/en\/wp-json\/wp\/v2\/users\/1"}],"replies":[{"embeddable":true,"href":"https:\/\/restaurantealhacena.es\/en\/wp-json\/wp\/v2\/comments?post=1393"}],"version-history":[{"count":187,"href":"https:\/\/restaurantealhacena.es\/en\/wp-json\/wp\/v2\/pages\/1393\/revisions"}],"predecessor-version":[{"id":4655,"href":"https:\/\/restaurantealhacena.es\/en\/wp-json\/wp\/v2\/pages\/1393\/revisions\/4655"}],"wp:attachment":[{"href":"https:\/\/restaurantealhacena.es\/en\/wp-json\/wp\/v2\/media?parent=1393"}],"curies":[{"name":"wp","href":"https:\/\/api.w.org\/{rel}","templated":true}]}}