{"id":1319,"date":"2021-11-21T15:14:41","date_gmt":"2021-11-21T15:14:41","guid":{"rendered":"https:\/\/restaurantealhacena.es\/services\/"},"modified":"2026-04-01T10:44:39","modified_gmt":"2026-04-01T10:44:39","slug":"menus","status":"publish","type":"page","link":"https:\/\/restaurantealhacena.es\/en\/menus\/","title":{"rendered":"Men\u00fas"},"content":{"rendered":"<div data-elementor-type=\"wp-page\" data-elementor-id=\"1319\" class=\"elementor elementor-1319\" data-elementor-post-type=\"page\">\n\t\t\t\t<div class=\"elementor-element elementor-element-6e989a7 e-con-full e-flex e-con e-parent\" data-id=\"6e989a7\" data-element_type=\"container\" data-e-type=\"container\" data-settings=\"{&quot;background_background&quot;:&quot;classic&quot;}\">\n\t\t<div class=\"elementor-element elementor-element-e7a1738 e-con-full e-flex e-con e-child\" data-id=\"e7a1738\" data-element_type=\"container\" data-e-type=\"container\">\n\t\t\t\t<div class=\"elementor-element elementor-element-e19e165 elementor-widget elementor-widget-spacer\" data-id=\"e19e165\" data-element_type=\"widget\" data-e-type=\"widget\" data-widget_type=\"spacer.default\">\n\t\t\t\t<div class=\"elementor-widget-container\">\n\t\t\t\t\t\t\t<div class=\"elementor-spacer\">\n\t\t\t<div class=\"elementor-spacer-inner\"><\/div>\n\t\t<\/div>\n\t\t\t\t\t\t<\/div>\n\t\t\t\t<\/div>\n\t\t\t\t<div class=\"elementor-element elementor-element-1002e02 elementor-widget elementor-widget-text-editor\" data-id=\"1002e02\" data-element_type=\"widget\" data-e-type=\"widget\" data-widget_type=\"text-editor.default\">\n\t\t\t\t<div class=\"elementor-widget-container\">\n\t\t\t\t\t\t\t\t\t<p>MEN\u00daS DE GRUPOS<\/p>\t\t\t\t\t\t\t\t<\/div>\n\t\t\t\t<\/div>\n\t\t\t\t<div class=\"elementor-element elementor-element-151aa3c elementor-widget__width-inherit elementor-widget elementor-widget-text-editor\" data-id=\"151aa3c\" data-element_type=\"widget\" data-e-type=\"widget\" data-widget_type=\"text-editor.default\">\n\t\t\t\t<div class=\"elementor-widget-container\">\n\t\t\t\t\t\t\t\t\t<p>Restaurante Alhacena<\/p>\t\t\t\t\t\t\t\t<\/div>\n\t\t\t\t<\/div>\n\t\t\t\t<\/div>\n\t\t<div class=\"elementor-element elementor-element-35567c1 e-con-full e-flex e-con e-child\" data-id=\"35567c1\" data-element_type=\"container\" data-e-type=\"container\" data-settings=\"{&quot;background_background&quot;:&quot;classic&quot;}\">\n\t\t<div class=\"elementor-element elementor-element-c6aeb18 e-con-full e-flex e-con e-child\" data-id=\"c6aeb18\" data-element_type=\"container\" data-e-type=\"container\">\n\t\t\t\t<div class=\"elementor-element elementor-element-b383be7 elementor-widget elementor-widget-html\" data-id=\"b383be7\" data-element_type=\"widget\" data-e-type=\"widget\" data-widget_type=\"html.default\">\n\t\t\t\t<div class=\"elementor-widget-container\">\n\t\t\t\t\t<div class=\"menus-alhacena\">\r\n\r\n  <!-- =========================\r\n       MEN\u00da D\u00cdA DE LA MADRE (FEATURED)\r\n  ========================= -->\r\n  <div class=\"menu-grupos-wrapper menu-featured\">\r\n    <details class=\"menu-accordion\">\r\n      <summary class=\"menu-accordion-summary\">\r\n        <div class=\"menu-summary-inner\">\r\n          <span class=\"menu-title\">MEN\u00da D\u00cdA DE LA MADRE<\/span>\r\n          <span class=\"menu-superpuesto\">Restaurante Alhacena<\/span>\r\n        <\/div>\r\n        <span class=\"menu-arrow\"><\/span>\r\n      <\/summary>\r\n\r\n      <section class=\"menu-grupos\">\r\n        <div class=\"menu-sections\">\r\n\r\n          <article class=\"menu-section\">\r\n            <h2 class=\"section-title\">TO SHARE<\/h2>\r\n            <ul class=\"menu-list\">\r\n              <li class=\"menu-item\">ENSALADILLA CON SALM\u00d3N MARINADO Y BROTES.<\/li>\r\n              <li class=\"menu-item\">ALCACHOFAS SALTEADAS CON FOIE Y ACEITE DE TRUFA.<\/li>\r\n              <li class=\"menu-item\">CRUJIENTE DE LANGOSTINO CON SALSA AGRIPICANTE.<\/li>\r\n              <li class=\"menu-item\">SEPIA SALTEADA EN SU TINTA CON HABITAS.<\/li>\r\n            <\/ul>\r\n          <\/article>\r\n\r\n          <article class=\"menu-section\">\r\n            <h2 class=\"section-title\">PLATO PRINCIPAL (A ELEGIR)<\/h2>\r\n            <ul class=\"menu-list\">\r\n              <li class=\"menu-item\">ARROZ DEL SE\u00d1ORET (M\u00cdN. 2 PERS)<\/li>\r\n              <li class=\"menu-item\">FIDEU\u00c1 NEGRA (M\u00cdN. 2 PERS)<\/li>\r\n              <li class=\"menu-item\">PAELLA VALENCIANA (M\u00cdN. 2 PERS)<\/li>\r\n              <li class=\"menu-item\">BACALAO GRATINADO CON AJOMENBRILLO Y VERDURITAS.<\/li>\r\n              <li class=\"menu-item\">CARRILLERA IB\u00c9RICA ESTOFADA CON PATATAS A LO POBRE.<\/li>\r\n            <\/ul>\r\n          <\/article>\r\n\r\n          <article class=\"menu-section\">\r\n            <h2 class=\"section-title\">DESSERT<\/h2>\r\n            <ul class=\"menu-list\">\r\n              <li class=\"menu-item\">BROWNIE DE CHOCO CON HELADO DE VAINILLA.<\/li>\r\n            <\/ul>\r\n          <\/article>\r\n\r\n          <article class=\"menu-section\">\r\n            <h2 class=\"section-title\">DRINKS<\/h2>\r\n            <ul class=\"menu-list\">\r\n              <li class=\"menu-item\">AGUA MINERAL, REFRESCO, CERVEZA Y CAF\u00c9.<\/li>\r\n              <li class=\"menu-item\">VINO BLANCO D.O. Y TINTO D.O. RIBERA DEL DUERO.<\/li>\r\n              <li class=\"menu-item\">UNA BOTELLA DE VINO (BLANCO O TINTO) CADA 4 PAX.<\/li>\r\n            <\/ul>\r\n          <\/article>\r\n\r\n        <\/div>\r\n\r\n        <footer class=\"menu-footer\">\r\n          <div class=\"menu-price\">45\u20ac <span>\/ PER PERSON<\/span><\/div>\r\n\r\n          <div class=\"menu-cta\">\r\n            <a href=\"https:\/\/restaurantealhacena.myrestoo.net\/es\/reservar\" class=\"button\" target=\"_blank\" rel=\"noopener\">\r\n              <span class=\"btn-txt\">BOOK A TABLE<\/span>\r\n            <\/a>\r\n            <a href=\"#\" class=\"button\" target=\"_blank\" rel=\"noopener\">\r\n              <span class=\"btn-txt\">SHARE MENU<\/span>\r\n            <\/a>\r\n          <\/div>\r\n\r\n          <p class=\"menu-note\">LOS MEN\u00daS SON POR ENCARGO.<\/p>\r\n          <p class=\"menu-note\">SUPLEMENTO DE CARAJILLO, CREMAET Y VERMUT: 1\u20ac \/ UD.<\/p>\r\n        <\/footer>\r\n      <\/section>\r\n    <\/details>\r\n  <\/div>\r\n\r\n  <!-- =========================\r\n       MEN\u00da MARIANO\r\n  ========================= -->\r\n  <div class=\"menu-grupos-wrapper\">\r\n    <details class=\"menu-accordion\">\r\n      <summary class=\"menu-accordion-summary\">\r\n        <div class=\"menu-summary-inner\">\r\n          <span class=\"menu-title\">MEN\u00da MARIANO<\/span>\r\n          <span class=\"menu-superpuesto\">Restaurante Alhacena<\/span>\r\n        <\/div>\r\n        <span class=\"menu-arrow\"><\/span>\r\n      <\/summary>\r\n\r\n      <section class=\"menu-grupos\">\r\n        <div class=\"menu-sections\">\r\n\r\n          <article class=\"menu-section\">\r\n            <h2 class=\"section-title\">TO SHARE<\/h2>\r\n            <ul class=\"menu-list\">\r\n              <li class=\"menu-item\">VOLC\u00c1N DE TOMATE CON VENTRESCA Y ENCURTIDOS.<\/li>\r\n              <li class=\"menu-item\">ALCACHOFAS SALTEADAS CON JAM\u00d3N IB\u00c9RICO.<\/li>\r\n              <li class=\"menu-item\">CALAMARES A LA ANDALUZA.<\/li>\r\n              <li class=\"menu-item\">ENSALADILLA ALHACENA.<\/li>\r\n            <\/ul>\r\n          <\/article>\r\n\r\n          <article class=\"menu-section\">\r\n            <h2 class=\"section-title\">MAIN COURSE<\/h2>\r\n            <ul class=\"menu-list\">\r\n              <li class=\"menu-item\">FIDEU\u00c1 (M\u00cdN. 2 PERS)<\/li>\r\n              <li class=\"menu-item\">ARROZ DEL SE\u00d1ORET (M\u00cdN. 2 PERS)<\/li>\r\n              <li class=\"menu-item\">BACALAO GRATINADO<\/li>\r\n              <li class=\"menu-item\">CARRILLERA IB\u00c9RICA<\/li>\r\n            <\/ul>\r\n          <\/article>\r\n\r\n          <article class=\"menu-section\">\r\n            <h2 class=\"section-title\">DESSERT<\/h2>\r\n            <ul class=\"menu-list\">\r\n              <li class=\"menu-item\">BROWNIE CON HELADO<\/li>\r\n            <\/ul>\r\n          <\/article>\r\n\r\n          <article class=\"menu-section\">\r\n            <h2 class=\"section-title\">DRINKS<\/h2>\r\n            <ul class=\"menu-list\">\r\n              <li class=\"menu-item\">AGUA MINERAL, REFRESCO, CERVEZA Y CAF\u00c9.<\/li>\r\n              <li class=\"menu-item\">VINO BLANCO D.O. Y TINTO D.O. RIBERA DEL DUERO.<\/li>\r\n              <li class=\"menu-item\">UNA BOTELLA DE VINO (BLANCO O TINTO) CADA 4 PAX.<\/li>\r\n            <\/ul>\r\n          <\/article>\r\n\r\n        <\/div>\r\n\r\n        <footer class=\"menu-footer\">\r\n          <div class=\"menu-price\">40\u20ac <span>\/ PER PERSON<\/span><\/div>\r\n\r\n          <div class=\"menu-cta\">\r\n            <a href=\"https:\/\/restaurantealhacena.myrestoo.net\/es\/reservar\" class=\"button\" target=\"_blank\" rel=\"noopener\">\r\n              <span class=\"btn-txt\">BOOK A TABLE<\/span>\r\n            <\/a>\r\n            <a href=\"#\" class=\"button\" target=\"_blank\" rel=\"noopener\">\r\n              <span class=\"btn-txt\">SHARE MENU<\/span>\r\n            <\/a>\r\n          <\/div>\r\n\r\n          <p class=\"menu-note\">LOS MEN\u00daS SON POR ENCARGO.<\/p>\r\n          <p class=\"menu-note\">SUPLEMENTO DE CARAJILLO, CREMAET Y VERMUT: 1\u20ac \/ UD.<\/p>\r\n        <\/footer>\r\n      <\/section>\r\n    <\/details>\r\n  <\/div>\r\n\r\n  <!-- =========================\r\n       MEN\u00da BENLLUIRE\r\n  ========================= -->\r\n  <div class=\"menu-grupos-wrapper\">\r\n    <details class=\"menu-accordion\">\r\n      <summary class=\"menu-accordion-summary\">\r\n        <div class=\"menu-summary-inner\">\r\n          <span class=\"menu-title\">MEN\u00da BENLLUIRE<\/span>\r\n          <span class=\"menu-superpuesto\">Restaurante Alhacena<\/span>\r\n        <\/div>\r\n        <span class=\"menu-arrow\"><\/span>\r\n      <\/summary>\r\n\r\n      <section class=\"menu-grupos\">\r\n        <div class=\"menu-sections\">\r\n\r\n          <article class=\"menu-section\">\r\n            <h2 class=\"section-title\">TO SHARE<\/h2>\r\n            <ul class=\"menu-list\">\r\n              <li class=\"menu-item\">JAM\u00d3N Y QUESO MANCHEGO.<\/li>\r\n              <li class=\"menu-item\">ENSALADA CON LANGOSTINOS.<\/li>\r\n              <li class=\"menu-item\">SEPIA A LA PLANCHA.<\/li>\r\n              <li class=\"menu-item\">ENSALADILLA ALHACENA.<\/li>\r\n            <\/ul>\r\n          <\/article>\r\n\r\n          <article class=\"menu-section\">\r\n            <h2 class=\"section-title\">MAIN COURSE<\/h2>\r\n            <ul class=\"menu-list\">\r\n              <li class=\"menu-item\">PAELLA VALENCIANA (M\u00cdN. 2 PERS)<\/li>\r\n              <li class=\"menu-item\">ARROZ DEL SE\u00d1ORET (M\u00cdN. 2 PERS)<\/li>\r\n              <li class=\"menu-item\">FIDEU\u00c1 NEGRA (M\u00cdN. 2 PERS)<\/li>\r\n              <li class=\"menu-item\">BACALAO<\/li>\r\n              <li class=\"menu-item\">CARRILLERA IB\u00c9RICA<\/li>\r\n            <\/ul>\r\n          <\/article>\r\n\r\n          <article class=\"menu-section\">\r\n            <h2 class=\"section-title\">DESSERT<\/h2>\r\n            <ul class=\"menu-list\">\r\n              <li class=\"menu-item\">DEGUSTACI\u00d3N DE DULCES<\/li>\r\n            <\/ul>\r\n          <\/article>\r\n\r\n          <article class=\"menu-section\">\r\n            <h2 class=\"section-title\">DRINKS<\/h2>\r\n            <ul class=\"menu-list\">\r\n              <li class=\"menu-item\">AGUA MINERAL, REFRESCO, CERVEZA Y CAF\u00c9.<\/li>\r\n              <li class=\"menu-item\">VINO BLANCO D.O. Y TINTO D.O. RIBERA DEL DUERO.<\/li>\r\n              <li class=\"menu-item\">UNA BOTELLA DE VINO (BLANCO O TINTO) CADA 4 PAX.<\/li>\r\n            <\/ul>\r\n          <\/article>\r\n\r\n        <\/div>\r\n\r\n        <footer class=\"menu-footer\">\r\n          <div class=\"menu-price\">40\u20ac <span>\/ PER PERSON<\/span><\/div>\r\n\r\n          <div class=\"menu-cta\">\r\n            <a href=\"https:\/\/restaurantealhacena.myrestoo.net\/es\/reservar\" class=\"button\" target=\"_blank\" rel=\"noopener\">\r\n              <span class=\"btn-txt\">BOOK A TABLE<\/span>\r\n            <\/a>\r\n            <a href=\"#\" class=\"button\" target=\"_blank\" rel=\"noopener\">\r\n              <span class=\"btn-txt\">SHARE MENU<\/span>\r\n            <\/a>\r\n          <\/div>\r\n\r\n          <p class=\"menu-note\">LOS MEN\u00daS SON POR ENCARGO.<\/p>\r\n          <p class=\"menu-note\">SUPLEMENTO DE CARAJILLO, CREMAET Y VERMUT: 1\u20ac \/ UD.<\/p>\r\n        <\/footer>\r\n      <\/section>\r\n    <\/details>\r\n  <\/div>\r\n\r\n  <!-- =========================\r\n       MEN\u00da SAN JOS\u00c9\r\n  ========================= -->\r\n  <div class=\"menu-grupos-wrapper\">\r\n    <details class=\"menu-accordion\">\r\n      <summary class=\"menu-accordion-summary\">\r\n        <div class=\"menu-summary-inner\">\r\n          <span class=\"menu-title\">MEN\u00da SAN JOS\u00c9<\/span>\r\n          <span class=\"menu-superpuesto\">Restaurante Alhacena<\/span>\r\n        <\/div>\r\n        <span class=\"menu-arrow\"><\/span>\r\n      <\/summary>\r\n\r\n      <section class=\"menu-grupos\">\r\n        <div class=\"menu-sections\">\r\n\r\n          <article class=\"menu-section\">\r\n            <h2 class=\"section-title\">TO SHARE<\/h2>\r\n            <ul class=\"menu-list\">\r\n              <li class=\"menu-item\">TOMATE VALENCIANO CON VENTRESCA.<\/li>\r\n              <li class=\"menu-item\">FLOR DE ALCACHOFA Y TRUFA NEGRA.<\/li>\r\n              <li class=\"menu-item\">TARTAR DE SALM\u00d3N.<\/li>\r\n              <li class=\"menu-item\">SEPIA EN SU TINTA.<\/li>\r\n            <\/ul>\r\n          <\/article>\r\n\r\n          <article class=\"menu-section\">\r\n            <h2 class=\"section-title\">MAIN COURSE<\/h2>\r\n            <ul class=\"menu-list\">\r\n              <li class=\"menu-item\">ARROZ DEL SE\u00d1ORET (M\u00cdN. 2 PERS)<\/li>\r\n              <li class=\"menu-item\">FIDEU\u00c1 NEGRA (M\u00cdN. 2 PERS)<\/li>\r\n              <li class=\"menu-item\">PAELLA VALENCIANA (M\u00cdN. 2 PERS)<\/li>\r\n              <li class=\"menu-item\">BACALAO<\/li>\r\n              <li class=\"menu-item\">CARRILLERA IB\u00c9RICA<\/li>\r\n            <\/ul>\r\n          <\/article>\r\n\r\n          <article class=\"menu-section\">\r\n            <h2 class=\"section-title\">DESSERT<\/h2>\r\n            <ul class=\"menu-list\">\r\n              <li class=\"menu-item\">BROWNIE CON HELADO<\/li>\r\n            <\/ul>\r\n          <\/article>\r\n\r\n          <article class=\"menu-section\">\r\n            <h2 class=\"section-title\">DRINKS<\/h2>\r\n            <ul class=\"menu-list\">\r\n              <li class=\"menu-item\">AGUA MINERAL, REFRESCO, CERVEZA Y CAF\u00c9.<\/li>\r\n              <li class=\"menu-item\">VINO BLANCO D.O. Y TINTO D.O. RIBERA DEL DUERO.<\/li>\r\n              <li class=\"menu-item\">UNA BOTELLA DE VINO (BLANCO O TINTO) CADA 4 PAX.<\/li>\r\n            <\/ul>\r\n          <\/article>\r\n\r\n        <\/div>\r\n\r\n        <footer class=\"menu-footer\">\r\n          <div class=\"menu-price\">45\u20ac <span>\/ PER PERSON<\/span><\/div>\r\n\r\n          <div class=\"menu-cta\">\r\n            <a href=\"https:\/\/restaurantealhacena.myrestoo.net\/es\/reservar\" class=\"button\" target=\"_blank\" rel=\"noopener\">\r\n              <span class=\"btn-txt\">BOOK A TABLE<\/span>\r\n            <\/a>\r\n            <a href=\"#\" class=\"button\" target=\"_blank\" rel=\"noopener\">\r\n              <span class=\"btn-txt\">SHARE MENU<\/span>\r\n            <\/a>\r\n          <\/div>\r\n\r\n          <p class=\"menu-note\">LOS MEN\u00daS SON POR ENCARGO.<\/p>\r\n          <p class=\"menu-note\">SUPLEMENTO DE CARAJILLO, CREMAET Y VERMUT: 1\u20ac \/ UD.<\/p>\r\n        <\/footer>\r\n      <\/section>\r\n    <\/details>\r\n  <\/div>\r\n\r\n<\/div>\t\t\t\t<\/div>\n\t\t\t\t<\/div>\n\t\t\t\t<\/div>\n\t\t\t\t<\/div>\n\t\t\t\t<\/div>\n\t\t\t\t<\/div>","protected":false},"excerpt":{"rendered":"<p>MEN\u00daS DE GRUPOS Restaurante Alhacena MEN\u00da D\u00cdA DE LA MADRE Restaurante Alhacena CENTRO DE MESA ENSALADILLA CON SALM\u00d3N MARINADO Y BROTES. ALCACHOFAS SALTEADAS CON FOIE Y ACEITE DE TRUFA. CRUJIENTE DE LANGOSTINO CON SALSA AGRIPICANTE. SEPIA SALTEADA EN SU TINTA CON HABITAS. PLATO PRINCIPAL (A ELEGIR) ARROZ DEL SE\u00d1ORET (M\u00cdN. 2 PERS) FIDEU\u00c1 NEGRA (M\u00cdN. [&hellip;]<\/p>\n","protected":false},"author":1,"featured_media":0,"parent":0,"menu_order":0,"comment_status":"closed","ping_status":"closed","template":"","meta":{"site-sidebar-layout":"no-sidebar","site-content-layout":"page-builder","ast-site-content-layout":"full-width-container","site-content-style":"unboxed","site-sidebar-style":"unboxed","ast-global-header-display":"","ast-banner-title-visibility":"","ast-main-header-display":"","ast-hfb-above-header-display":"","ast-hfb-below-header-display":"","ast-hfb-mobile-header-display":"","site-post-title":"disabled","ast-breadcrumbs-content":"","ast-featured-img":"disabled","footer-sml-layout":"","ast-disable-related-posts":"","theme-transparent-header-meta":"enabled","adv-header-id-meta":"","stick-header-meta":"","header-above-stick-meta":"","header-main-stick-meta":"","header-below-stick-meta":"","astra-migrate-meta-layouts":"set","ast-page-background-enabled":"default","ast-page-background-meta":{"desktop":{"background-color":"var(--ast-global-color-4)","background-image":"","background-repeat":"repeat","background-position":"center center","background-size":"auto","background-attachment":"scroll","background-type":"","background-media":"","overlay-type":"","overlay-color":"","overlay-opacity":"","overlay-gradient":""},"tablet":{"background-color":"","background-image":"","background-repeat":"repeat","background-position":"center center","background-size":"auto","background-attachment":"scroll","background-type":"","background-media":"","overlay-type":"","overlay-color":"","overlay-opacity":"","overlay-gradient":""},"mobile":{"background-color":"","background-image":"","background-repeat":"repeat","background-position":"center center","background-size":"auto","background-attachment":"scroll","background-type":"","background-media":"","overlay-type":"","overlay-color":"","overlay-opacity":"","overlay-gradient":""}},"ast-content-background-meta":{"desktop":{"background-color":"var(--ast-global-color-5)","background-image":"","background-repeat":"repeat","background-position":"center center","background-size":"auto","background-attachment":"scroll","background-type":"","background-media":"","overlay-type":"","overlay-color":"","overlay-opacity":"","overlay-gradient":""},"tablet":{"background-color":"var(--ast-global-color-5)","background-image":"","background-repeat":"repeat","background-position":"center center","background-size":"auto","background-attachment":"scroll","background-type":"","background-media":"","overlay-type":"","overlay-color":"","overlay-opacity":"","overlay-gradient":""},"mobile":{"background-color":"var(--ast-global-color-5)","background-image":"","background-repeat":"repeat","background-position":"center center","background-size":"auto","background-attachment":"scroll","background-type":"","background-media":"","overlay-type":"","overlay-color":"","overlay-opacity":"","overlay-gradient":""}},"footnotes":""},"class_list":["post-1319","page","type-page","status-publish","hentry"],"_links":{"self":[{"href":"https:\/\/restaurantealhacena.es\/en\/wp-json\/wp\/v2\/pages\/1319","targetHints":{"allow":["GET"]}}],"collection":[{"href":"https:\/\/restaurantealhacena.es\/en\/wp-json\/wp\/v2\/pages"}],"about":[{"href":"https:\/\/restaurantealhacena.es\/en\/wp-json\/wp\/v2\/types\/page"}],"author":[{"embeddable":true,"href":"https:\/\/restaurantealhacena.es\/en\/wp-json\/wp\/v2\/users\/1"}],"replies":[{"embeddable":true,"href":"https:\/\/restaurantealhacena.es\/en\/wp-json\/wp\/v2\/comments?post=1319"}],"version-history":[{"count":617,"href":"https:\/\/restaurantealhacena.es\/en\/wp-json\/wp\/v2\/pages\/1319\/revisions"}],"predecessor-version":[{"id":4851,"href":"https:\/\/restaurantealhacena.es\/en\/wp-json\/wp\/v2\/pages\/1319\/revisions\/4851"}],"wp:attachment":[{"href":"https:\/\/restaurantealhacena.es\/en\/wp-json\/wp\/v2\/media?parent=1319"}],"curies":[{"name":"wp","href":"https:\/\/api.w.org\/{rel}","templated":true}]}}